{"id":39852,"date":"2025-01-06T12:14:43","date_gmt":"2025-01-06T11:14:43","guid":{"rendered":"https:\/\/angeldar.com\/?post_type=product&#038;p=39852"},"modified":"2026-01-21T16:06:06","modified_gmt":"2026-01-21T15:06:06","slug":"duftende-waldkraft-set-aetherische-oele","status":"publish","type":"product","link":"https:\/\/angeldar.com\/en\/product\/duftende-waldkraft-set-aetherische-oele\/","title":{"rendered":"Fragrant Forest Power Set Essential Oils Primavera"},"content":{"rendered":"<h2>Fragrant Forest Power Set Essential Oils<\/h2>\n<p>Three essential oils for a woody fragrance experience in one set: Siberian spruce needles, organic cedar and organic Swiss stone pine.<br \/>\nThe ideal set to get to know and give as a gift at a special price.<\/p>\n<ul class=\"mylist\">\n<li><strong><a href=\"https:\/\/angeldar.com\/product\/fichtennadeln-sibirisch-aetherisches-oel-von-primavera\/\"><span style=\"color: #ff00ff;\">Siberian spruce needles<\/span><\/a>:<\/strong> fresh, woody, spicy, green<\/li>\n<li>The essential oil &#8220;Spruce needles Siberian&#8221; is distilled from branches of the Siberian fir (botanical: Abies sibirica). In our usage, the oil is referred to as so-called &#8220;spruce needle oil&#8221;. The scent is forest-sweet, a typically fresh forest scent. The Siberian fir has a high proportion of monoterpene ester: This means that it has a strong anxiety-relieving, relaxing effect. This essential oil is therefore ideally suited for stress and mental imbalance.<\/li>\n<li><strong>Siberian spruce needles<\/strong><br \/>\nMax. 3 drops in 50 ml PRIMAVERA organic almond oil. <\/li>\n<li>\n \t<\/li>\n<li><strong><a href=\"https:\/\/angeldar.com\/product\/zeder-bio-aetherisches-oel-von-primavera\/\"><span style=\"color: #ff00ff;\">Cedar organic<\/span><\/a>:<\/strong> woody, warm, balsamic<\/li>\n<li>The <b>Atlas cedar<\/b><i>(Cedrus atlantica<\/i>) is a <a title=\"Species (Biology)\" href=\"https:\/\/de.wikipedia.org\/wiki\/Art_(Biologie)\" rel=\"noopener\">plant species<\/a> of the <a title=\"Cedars\" href=\"https:\/\/de.wikipedia.org\/wiki\/Zedern\" rel=\"noopener\">cedar<\/a> <a title=\"Genus (Biology)\" href=\"https:\/\/de.wikipedia.org\/wiki\/Gattung_(Biologie)\" rel=\"noopener\">genus<\/a><i>(Cedrus<\/i>) in the <a title=\"Kieferngew\u00e4chse\" href=\"https:\/\/de.wikipedia.org\/wiki\/Kieferngew%C3%A4chse\" rel=\"noopener\">pine<\/a> <a title=\"Family (biology)\" href=\"https:\/\/de.wikipedia.org\/wiki\/Familie_(Biologie)\" rel=\"noopener\">family<\/a> (Pinaceae). The cedar can grow up to 40 meters high, its wood is hard and has a strong scent. It is evergreen and grows at an altitude of 1000 to 2000m. Cedar has already been<span class=\"pdetails\"> used by the Egyptians for embalming, cosmetic purposes and as a fragrance and incense. In naturopathy, cedar is used for skin and scalp problems, muscle and joint complaints and respiratory problems<\/span><\/li>\n<li><strong>Cedar organic<\/strong><br \/>\nMax. 2 drops in 50 ml PRIMAVERA organic almond oil. <\/li>\n<li>\n \t<\/li>\n<li><strong><a href=\"https:\/\/angeldar.com\/product\/zirbelkiefer-bio-aetherisches-oel-primavera\/\"><span style=\"color: #ff00ff;\">Swiss stone pine organic<\/span><\/a>:<\/strong> woody, fresh, warm<\/li>\n<li>The oil is considered to be the most medicinal of all pine oils. It contains a lot of power, it gives a lot of security. The essential oil also kills germs. It purifies the air as if you were in the high Alps. For example, Swiss stone pine oil can be combined well with eucalyptus oil, mint, <span style=\"color: #ff00ff;\"><a style=\"color: #ff00ff;\" href=\"https:\/\/angeldar.com\/product\/bergamotte-bio-aetherisches-oel\/\">bergamot oil<\/a><\/span> or <a href=\"https:\/\/angeldar.com\/product\/lemongrass-bio-aetherisches-oel-von-primavera\/\"><span style=\"color: #ff00ff;\">lemongrass<\/span> <\/a>and then place this mixture in a fragrance lamp to scent your living space.<\/li>\n<li><strong>Swiss stone pine organic<\/strong><br \/>\nMax. 12 drops in 50 ml PRIMAVERA almond oil organic. <\/li>\n<\/ul>\n<p>&nbsp;<\/p>\n<p>Quality: organic, NATRUE organic cosmetics, vegan, Leaping Bunny<\/p>\n<p><strong>INCI of Duftende Waldkraft Set \u00c4therische \u00d6le :<\/strong><br \/>\nFichtennadeln sibirisch &#8211; Siberian Fir: Abies Sibirica Oil, Limonene**<br \/>\nCeder bio &#8211; Cedar Wood org.: Cedrus Atlantica Bark Oil*<br \/>\nZirbelkiefer bio &#8211; Swiss Pine org.Pinus Cembra Leaf \/ Twig Oil*, Limonene**<br \/>\n* aus kontrolliert biologischem Anbau \/ certified organic cultivation<br \/>\n** nat\u00fcrliche Bestandteile des \u00e4therischen \u00d6ls \/ from 100% natural essential oil<\/p>\n","protected":false},"excerpt":{"rendered":"<h2>Fragrant Forest Power Set Essential Oils<\/h2>\n<ul class=\"mylist\">\n<li><strong>5ml Siberian spruce needles:<\/strong> fresh, woody, spicy, green<\/li>\n<li><strong>5ml organic cedar:<\/strong> woody, warm, balsamic<\/li>\n<li><strong>5mlPine organic:<\/strong> woody, fresh, warm<\/li>\n<\/ul>\n","protected":false},"featured_media":39554,"comment_status":"open","ping_status":"closed","template":"","meta":{"iawp_total_views":1},"pwb-brand":[1647],"product_brand":[],"product_cat":[333,338,355],"product_tag":[],"class_list":{"0":"post-39852","1":"product","2":"type-product","3":"status-publish","4":"has-post-thumbnail","6":"pwb-brand-primavera-en","7":"product_cat-aromatherapie-en","8":"product_cat-aetherische-oele-en","9":"product_cat-geschenke-en","11":"first","12":"instock","13":"taxable","14":"shipping-taxable","15":"purchasable","16":"product-type-simple"},"brands":[{"id":1647,"name":"Primavera life","slug":"primavera-en"}],"_links":{"self":[{"href":"https:\/\/angeldar.com\/en\/wp-json\/wp\/v2\/product\/39852","targetHints":{"allow":["GET"]}}],"collection":[{"href":"https:\/\/angeldar.com\/en\/wp-json\/wp\/v2\/product"}],"about":[{"href":"https:\/\/angeldar.com\/en\/wp-json\/wp\/v2\/types\/product"}],"replies":[{"embeddable":true,"href":"https:\/\/angeldar.com\/en\/wp-json\/wp\/v2\/comments?post=39852"}],"wp:featuredmedia":[{"embeddable":true,"href":"https:\/\/angeldar.com\/en\/wp-json\/wp\/v2\/media\/39554"}],"wp:attachment":[{"href":"https:\/\/angeldar.com\/en\/wp-json\/wp\/v2\/media?parent=39852"}],"wp:term":[{"taxonomy":"pwb-brand","embeddable":true,"href":"https:\/\/angeldar.com\/en\/wp-json\/wp\/v2\/pwb-brand?post=39852"},{"taxonomy":"product_brand","embeddable":true,"href":"https:\/\/angeldar.com\/en\/wp-json\/wp\/v2\/product_brand?post=39852"},{"taxonomy":"product_cat","embeddable":true,"href":"https:\/\/angeldar.com\/en\/wp-json\/wp\/v2\/product_cat?post=39852"},{"taxonomy":"product_tag","embeddable":true,"href":"https:\/\/angeldar.com\/en\/wp-json\/wp\/v2\/product_tag?post=39852"}],"curies":[{"name":"wp","href":"https:\/\/api.w.org\/{rel}","templated":true}]}}