{"id":36286,"date":"2017-02-24T17:41:35","date_gmt":"2021-05-24T06:51:39","guid":{"rendered":"https:\/\/angeldar.com\/produkt\/iris-1-essential-oil-from-farfalla\/"},"modified":"2024-02-05T19:12:25","modified_gmt":"2024-02-05T18:12:25","slug":"iris-1-bio-aetherisches-oel-von-farfalla","status":"publish","type":"product","link":"https:\/\/angeldar.com\/en\/product\/iris-1-bio-aetherisches-oel-von-farfalla\/","title":{"rendered":"Iris 1 % bio \u00c4therisches \u00d6l von Farfalla"},"content":{"rendered":"<h1>Iris 1 % bio \u00e4therisches \u00d6l<\/h1>\n<p>The iris is found all over Europe and belongs to the iris family. Angebaut wird sie aber in Marokko S\u00fcdfrankreich und in der Toskana. Iris species are perennial herbaceous plants and are highly valued as ornamental plants. It becomes 30 to 100 cm tall. Iris oil is used in perfumes or body oils, less often in aromatherapy &#8211; although it has many properties. Eine absolute Kostbarkeit, die aus den mehrere Jahre lang gelagerten Wurzeln der lieblichen Schwertlilie aus Marokko gewonnen wird. Since very little essential oil can be extracted from the roots of the iris, the 100% iris essence is very valuable. Als preisg\u00fcnstige Alternative f\u00fchren wir diese verd\u00fcnnte Variante des \u00e4therischen \u00d6ls mit Iris 1 % bio \u00c4therisches \u00d6l.<\/p>\n<p>The production is very complex. After the roots have been peeled, chopped and dried, they are carefully stored for 3 years. Only then do you get the concrete through further processing and then the pure iris oil through distillation.<\/p>\n<p>about 800kg &#8211; 1000kg roots = 1ltr. Oil<\/p>\n<p>It was named after the Greek goddess Iris &#8211; the rainbow goddess. Hippocrates is said to have given the iris its name: Because of its splendor of colors, which reminded him of a rainbow, he gave it the name of the goddess of the rainbow.<\/p>\n<p>Extracts from the root were used in ancient times to flavor tobacco and wine. The root is also said to have made teething easier for children.<\/p>\n<h3>TIP: Mixture to dissolve mental blockages<br \/>\nIngredients: 3 drops Iris root (1% in alcohol) and 5 drops. <a href=\"https:\/\/angeldar.com\/en\/product\/rose-tuerkei-5-aetheric-oel-of-new-moon\/\"><span style=\"color: #ff00ff;\">rose<\/span><\/a><br \/>\nPut in the fragrance lamp or with 20ml as the case may be<a href=\"https:\/\/angeldar.com\/en\/product\/jojoba-oil-organic-base-oil-from-primavera\/\"><span style=\"color: #ff00ff;\"> Jojoba oil<\/span><\/a> \/ Use Aloa Vera as a massage oil.<\/h3>\n<p><span style=\"font-size: 14pt; color: #ff0000;\"><strong>Vor innerer- \u00e4u\u00dferer Anwendung von Iris 1 % bio \u00c4therisches \u00d6l bitte Fachb\u00fccher, Arzt oder Aromatherapeut\/in konsultieren.<\/strong><\/span><\/p>\n<p>Essential iris oil is used in aromatherapy primarily in the psychological area.<\/p>\n<p><strong>It affects the soul:<\/strong> Balancing, mood-enhancing, mentally strengthening, for nervousness, burn-out syndrome, fears. It also helps with terminal care, grief and discouragement.<\/p>\n<p><strong>Physically:<\/strong> Expectorant, skin regenerating, for acne, skin impurities, frontal and sinus infections. The same applies to injuries, blemishes and stress.<\/p>\n<p><strong>INCI: Alcohol, Iris Pallida Root Extract, Michelia Champaca Flower Extract<\/strong><\/p>\n<p>&nbsp;<\/p>\n<p>&nbsp;<\/p>\n","protected":false},"excerpt":{"rendered":"<p>5 ml<\/p>\n<p>1% Iris, 99% Alkohol<\/p>\n<p><strong>Bot.Name:<\/strong> Iris germanica<\/p>\n<p><strong>Origin:<\/strong> Morocco<\/p>\n<p><strong>Part:<\/strong> root<\/p>\n<p><strong>Manufacture:<\/strong> Distillation<\/p>\n<p><strong>Certification:<\/strong> Ecocert, France\/International<\/p>\n<p><strong>Scent:<\/strong> violet-like, fine, radiant<\/p>\n","protected":false},"featured_media":33300,"comment_status":"open","ping_status":"closed","template":"","meta":{"iawp_total_views":0},"pwb-brand":[1649],"product_brand":[],"product_cat":[338,333],"product_tag":[],"class_list":{"0":"post-36286","1":"product","2":"type-product","3":"status-publish","4":"has-post-thumbnail","6":"pwb-brand-farfalla-en","7":"product_cat-aetherische-oele-en","8":"product_cat-aromatherapie-en","9":"pa_a-z-i-en","10":"pa_duftnote-heart","11":"pa_duftprofil-fine","12":"pa_duftprofil-radiant","13":"pa_duftprofil-violet-like","14":"pa_element-earth-en","15":"pa_element-earth","16":"pa_element-water","17":"pa_wirkung-harmonizing","19":"first","20":"instock","21":"taxable","22":"shipping-taxable","23":"purchasable","24":"product-type-simple"},"brands":[{"id":1649,"name":"farfalla","slug":"farfalla-en"}],"_links":{"self":[{"href":"https:\/\/angeldar.com\/en\/wp-json\/wp\/v2\/product\/36286","targetHints":{"allow":["GET"]}}],"collection":[{"href":"https:\/\/angeldar.com\/en\/wp-json\/wp\/v2\/product"}],"about":[{"href":"https:\/\/angeldar.com\/en\/wp-json\/wp\/v2\/types\/product"}],"replies":[{"embeddable":true,"href":"https:\/\/angeldar.com\/en\/wp-json\/wp\/v2\/comments?post=36286"}],"wp:featuredmedia":[{"embeddable":true,"href":"https:\/\/angeldar.com\/en\/wp-json\/wp\/v2\/media\/33300"}],"wp:attachment":[{"href":"https:\/\/angeldar.com\/en\/wp-json\/wp\/v2\/media?parent=36286"}],"wp:term":[{"taxonomy":"pwb-brand","embeddable":true,"href":"https:\/\/angeldar.com\/en\/wp-json\/wp\/v2\/pwb-brand?post=36286"},{"taxonomy":"product_brand","embeddable":true,"href":"https:\/\/angeldar.com\/en\/wp-json\/wp\/v2\/product_brand?post=36286"},{"taxonomy":"product_cat","embeddable":true,"href":"https:\/\/angeldar.com\/en\/wp-json\/wp\/v2\/product_cat?post=36286"},{"taxonomy":"product_tag","embeddable":true,"href":"https:\/\/angeldar.com\/en\/wp-json\/wp\/v2\/product_tag?post=36286"}],"curies":[{"name":"wp","href":"https:\/\/api.w.org\/{rel}","templated":true}]}}