{"id":35891,"date":"2017-04-09T11:55:10","date_gmt":"2017-04-09T09:55:10","guid":{"rendered":"https:\/\/angeldar.com\/shop\/unkategorisiert\/cistus-moisturizing-day-and-night-cream-farfalla\/"},"modified":"2021-05-10T18:47:38","modified_gmt":"2021-05-10T16:47:38","slug":"cistus-moisturizing-day-and-night-cream-farfalla","status":"publish","type":"product","link":"https:\/\/angeldar.com\/en\/product\/cistus-moisturizing-day-and-night-cream-farfalla\/","title":{"rendered":"Cistrose Moisturizing Day and Night Cream farfalla"},"content":{"rendered":"<h2>Rockrose Moisturizing day and night cream. Provides the skin with soothing moisture and a silky-soft skin feeling around the clock.<\/h2>\n<h2><span style=\"font-size: 14pt;\">As a real survivor in dry areas, the rockrose is a moisture guarantee par excellence. In order to survive the hot summer months, she has developed fantastic strategies and ingredients. So it secretes a resin that protects it from drying out like a protective shield. <\/span><\/h2>\n<p>The essential oil of rockrose has a similar effect on the skin and gives it back valuable moisture. In order to strengthen the protective barrier of the skin, the recipe is based on a combination with the extract of the resurrection plant. This desert plant has the remarkable ability to transform itself from a parched state into a flowering plant with a little moisture. Its extract also has the same effect on the skin: it contains an exceptional active ingredient that can restructure denatured enzymes and thus optimize the skin&#8217;s self-protection function, significantly improving and visibly refining the complexion after just one week of use. The organic fresh plant extract from the Aloe Vera leaf supports cell regeneration through its richness of minerals, enzymes, trace elements and vitamins. Aloe Vera fills the skin&#8217;s moisture depots, making the skin firmer and reducing the first wrinkles.<\/p>\n<p><span style=\"font-size: 14pt;\">Application test: 90% of women have clinically tested an immediate improvement in skin moisture *, result after 28 days of use<\/span><\/p>\n<h4><span style=\"font-size: 14pt;\"><strong>Application:<\/strong><\/span><\/h4>\n<p><span style=\"font-size: 14pt;\">Apply mornings and evenings after cleansing \/ tonic; if you need a lot of moisture, use the light moisturizing fluid beforehand.<\/span><\/p>\n<p><span style=\"font-size: 14pt;\"><strong>Main Ingredients:<\/strong><\/span><\/p>\n<p><span style=\"font-size: 14pt;\"><strong>Resurrection plant<\/strong> (Selaginella lepidophylla)) What is special about this plant is that it can do without water for a very long time (months). If it rains, it sprouts within a day. This is made possible by turgor cells within the plant.<\/span><br \/>\n<span style=\"font-size: 14pt;\"> They also help to improve the complexion of your skin and optimize the skin&#8217;s self-protection functions.<\/span><\/p>\n<p><span style=\"font-size: 14pt;\"><strong><a href=\"https:\/\/angeldar.com\/en\/\u0422\u043e\u0432\u0430\u0440\/cosmetics\/babies-and-children\/aloe-vera-organic-base-oil-from-primavera\/\">Aloe vera<\/a><\/strong> (Aloe barbadensis in brassica napus) is: anti-inflammatory, stimulates blood circulation, moisturizing, caring for the skin, regenerating the skin, to<\/span><\/p>\n<p><span style=\"font-size: 14pt;\"><strong>Jojoba oil bio<\/strong> (simmondsia californica) is: skin-caring, moisture-binding, anti-inflammatory, good for sensitive skin, um<\/span><\/p>\n<p><span style=\"font-size: 14pt;\"><strong>Ingredients of Cistus Moisturizing Day and Night Cream<\/strong><\/span><span style=\"font-size: 14pt;\"><strong> :<\/strong><\/span><br \/>\nWATER, ALOE VERA JUICE *, FATTY ALCOHOL, vegetable glycerine *, SUNFLOWER OIL *, ALCOHOL *, MICHS\u00c4UREESTER, GLYCERINE STEARIN-ZITRONENS\u00c4UREESTER, fatty acid ester, LAURINS\u00c4UREISOAMYLESTER, JOJOBA OIL *, SUCROSE STEARATE, MIX NATURAL ESSENTIAL OILS, CISTROSEN\u00d6L * RESURRECTION PLANT EXTRACT, MARGINS EXTRACT , RED ALGAE EXTRACT, VITAMIN E, ARGININE, ASCORBIC ACID, YEAST EXTRACT, XANTHANE, LEVULIC ACID, SODIUM LEVULINATE, SODIUM ANISATE, GLYCERINESTER, CITRIC ACID. * from conttr. Organic<\/p>\n<p>&nbsp;<\/p>\n<p>&nbsp;<\/p>\n","protected":false},"excerpt":{"rendered":"<p><span style=\"font-size: 14pt;\">30 ml<\/span><\/p>\n<p><span style=\"font-size: 14pt;\"><strong>Every day a direct hit for my skin<\/strong><\/span><\/p>\n<p><span style=\"font-size: 14pt;\">Gently, nourishing, discreetly pampers my skin every day<\/span><\/p>\n<p><span style=\"font-size: 14pt;\">NaTrue Certified Organic Cosmetics<\/span><\/p>\n<p><img decoding=\"async\" class=\"alignleft wp-image-29392\" src=\"https:\/\/angeldar.com\/wp-content\/uploads\/2017\/12\/Natrue_Logo-e1516531380849.jpg\" alt=\"\" width=\"90\" height=\"90\" srcset=\"https:\/\/angeldar.com\/wp-content\/uploads\/2017\/12\/Natrue_Logo-e1516531380849.jpg 150w, https:\/\/angeldar.com\/wp-content\/uploads\/2017\/12\/Natrue_Logo-e1516531380849-100x100.jpg 100w, https:\/\/angeldar.com\/wp-content\/uploads\/2017\/12\/Natrue_Logo-e1516531380849-50x50.jpg 50w\" sizes=\"(max-width: 90px) 100vw, 90px\" \/><\/p>\n","protected":false},"featured_media":33950,"comment_status":"open","ping_status":"closed","template":"","meta":{"iawp_total_views":2},"pwb-brand":[],"product_brand":[],"product_cat":[1213],"product_tag":[],"class_list":{"0":"post-35891","1":"product","2":"type-product","3":"status-publish","4":"has-post-thumbnail","6":"product_cat-face","7":"pa_gesichtpflegeserie-cistrose-tonka-for-every-skin-farfalla","9":"first","10":"instock","11":"taxable","12":"shipping-taxable","13":"purchasable","14":"product-type-simple"},"brands":[],"_links":{"self":[{"href":"https:\/\/angeldar.com\/en\/wp-json\/wp\/v2\/product\/35891","targetHints":{"allow":["GET"]}}],"collection":[{"href":"https:\/\/angeldar.com\/en\/wp-json\/wp\/v2\/product"}],"about":[{"href":"https:\/\/angeldar.com\/en\/wp-json\/wp\/v2\/types\/product"}],"replies":[{"embeddable":true,"href":"https:\/\/angeldar.com\/en\/wp-json\/wp\/v2\/comments?post=35891"}],"wp:featuredmedia":[{"embeddable":true,"href":"https:\/\/angeldar.com\/en\/wp-json\/wp\/v2\/media\/33950"}],"wp:attachment":[{"href":"https:\/\/angeldar.com\/en\/wp-json\/wp\/v2\/media?parent=35891"}],"wp:term":[{"taxonomy":"pwb-brand","embeddable":true,"href":"https:\/\/angeldar.com\/en\/wp-json\/wp\/v2\/pwb-brand?post=35891"},{"taxonomy":"product_brand","embeddable":true,"href":"https:\/\/angeldar.com\/en\/wp-json\/wp\/v2\/product_brand?post=35891"},{"taxonomy":"product_cat","embeddable":true,"href":"https:\/\/angeldar.com\/en\/wp-json\/wp\/v2\/product_cat?post=35891"},{"taxonomy":"product_tag","embeddable":true,"href":"https:\/\/angeldar.com\/en\/wp-json\/wp\/v2\/product_tag?post=35891"}],"curies":[{"name":"wp","href":"https:\/\/api.w.org\/{rel}","templated":true}]}}