{"id":35741,"date":"2020-10-07T08:47:09","date_gmt":"2021-05-02T11:53:53","guid":{"rendered":"https:\/\/angeldar.com\/shop\/unkategorisiert\/fragrance-pendant\/"},"modified":"2022-11-27T11:20:12","modified_gmt":"2022-11-27T10:20:12","slug":"fragrance-pendant","status":"publish","type":"product","link":"https:\/\/angeldar.com\/en\/product\/fragrance-pendant\/","title":{"rendered":"F\u00fcnf Duft-Anh\u00e4nger aus Edelstahl"},"content":{"rendered":"<h1>Fragrance pendant<\/h1>\n<p><em><span style=\"font-size: 14pt;\">Diese wundersch\u00f6nen &#8211; aus Edelstahl gefertigten- Duft-Anh\u00e4nger bieten die M\u00f6glichkeit, seinen per\u00f6nlichen Duft immer bei sich zu haben.<\/span><\/em><\/p>\n<p><em><span style=\"font-size: 14pt;\">Sei es um die Konzentration zu unterst\u00fctzen z.B. mit dem Duft von <a href=\"https:\/\/angeldar.com\/en\/product\/cajeput-bio-aetherisches-oel-von-farfalla\/\">Cajeput<\/a> oder aus einem anderem Grund.<\/span><\/em><\/p>\n<p><em><span style=\"font-size: 14pt;\">Sie haben die Auswahl aus f\u00fcnf Motiven.<\/span><\/em><\/p>\n","protected":false},"excerpt":{"rendered":"<p>Fragrance pendant \/ stainless steel<\/p>\n<p>For many occasions<\/p>\n<p>Chain length about 60cm<\/p>\n<p>Diameter 30mm<\/p>\n<p>Thickness 5mm<\/p>\n<p>10 tile<\/p>\n<p>1 velvet pouch<\/p>\n","protected":false},"featured_media":34726,"comment_status":"open","ping_status":"closed","template":"","meta":{"iawp_total_views":0},"pwb-brand":[],"product_brand":[],"product_cat":[1158,1160,355,1159],"product_tag":[],"class_list":{"0":"post-35741","1":"product","2":"type-product","3":"status-publish","4":"has-post-thumbnail","6":"product_cat-room-fragrance","7":"product_cat-accessories","8":"product_cat-geschenke-en","9":"product_cat-traveling","10":"pa_motive-baum-des-lebens","11":"pa_motive-blume-des-lebens","12":"pa_motive-lotus","13":"pa_motive-tropfen","14":"pa_motive-yoga","16":"first","17":"outofstock","18":"taxable","19":"shipping-taxable","20":"purchasable","21":"product-type-variable"},"brands":[],"_links":{"self":[{"href":"https:\/\/angeldar.com\/en\/wp-json\/wp\/v2\/product\/35741","targetHints":{"allow":["GET"]}}],"collection":[{"href":"https:\/\/angeldar.com\/en\/wp-json\/wp\/v2\/product"}],"about":[{"href":"https:\/\/angeldar.com\/en\/wp-json\/wp\/v2\/types\/product"}],"replies":[{"embeddable":true,"href":"https:\/\/angeldar.com\/en\/wp-json\/wp\/v2\/comments?post=35741"}],"wp:featuredmedia":[{"embeddable":true,"href":"https:\/\/angeldar.com\/en\/wp-json\/wp\/v2\/media\/34726"}],"wp:attachment":[{"href":"https:\/\/angeldar.com\/en\/wp-json\/wp\/v2\/media?parent=35741"}],"wp:term":[{"taxonomy":"pwb-brand","embeddable":true,"href":"https:\/\/angeldar.com\/en\/wp-json\/wp\/v2\/pwb-brand?post=35741"},{"taxonomy":"product_brand","embeddable":true,"href":"https:\/\/angeldar.com\/en\/wp-json\/wp\/v2\/product_brand?post=35741"},{"taxonomy":"product_cat","embeddable":true,"href":"https:\/\/angeldar.com\/en\/wp-json\/wp\/v2\/product_cat?post=35741"},{"taxonomy":"product_tag","embeddable":true,"href":"https:\/\/angeldar.com\/en\/wp-json\/wp\/v2\/product_tag?post=35741"}],"curies":[{"name":"wp","href":"https:\/\/api.w.org\/{rel}","templated":true}]}}