{"id":33905,"date":"2017-06-30T06:21:32","date_gmt":"2020-05-22T06:26:57","guid":{"rendered":"https:\/\/angeldar.com\/shop\/unkategorisiert\/aroma-airstick-green-forest-2\/"},"modified":"2020-05-22T08:26:57","modified_gmt":"2020-05-22T06:26:57","slug":"aroma-airstick-green-forest-2","status":"publish","type":"product","link":"https:\/\/angeldar.com\/en\/product\/aroma-airstick-green-forest-2\/","title":{"rendered":"Aroma-Airstick Green Forest Farfalla"},"content":{"rendered":"<h2>Aroma-Airstick Green Forest<\/h2>\n<p><span style=\"font-size: 14pt;\"><strong><em> Aroma-Airstick Green Forest-without chemistry &#8211; all natural essential oils.<\/em><\/strong><\/span><\/p>\n<p><span style=\"font-size: 14pt;\">A vitalizing natural fragrance. The forest walk at home &#8211; with invigorating forest scents, citrus notes and fresh mint.<\/span><\/p>\n<p>Exclusively with natural essential oils, without any artificial fragrances. The decorative ceramic vase is reminiscent of a stone. Two packs of Arrow Leaf Sida wood sticks are sufficient for several months. Aroma Airstick Green Forest. The natural way to give living rooms a pleasant, non-intrusive fragrance.<\/p>\n<p><span style=\"font-size: 14pt;\"><strong>The strength of the odour is regulated by the number of rods.<\/strong><\/span><\/p>\n<p><span style=\"font-size: 14pt;\">It would make sense to turn or replace the chopsticks every two weeks.<\/span><\/p>\n<p><span style=\"font-size: 14pt;\">INGREDIENTS: Alcool, Huile&#8217;s essential natural (Sapin Baumier*, Sapin Blanc*, Citron*, Menthe Poivr\u00e9e* etc.), Eau, Glycerin. *de culture biologique contr\u00e9l\u00e9e.<\/span><\/p>\n<p>&nbsp;<\/p>\n","protected":false},"excerpt":{"rendered":"<p><strong>100ml<\/strong><\/p>\n<p><strong>The Forest Spaziegang at home!<\/strong><\/p>\n<p><strong>A vitalizing natural fragrance, made from forest scents with a slight citrus scent.<\/strong><\/p>\n","protected":false},"featured_media":32958,"comment_status":"open","ping_status":"closed","template":"","meta":{"iawp_total_views":2},"pwb-brand":[],"product_brand":[],"product_cat":[1158],"product_tag":[],"class_list":{"0":"post-33905","1":"product","2":"type-product","3":"status-publish","4":"has-post-thumbnail","6":"product_cat-room-fragrance","8":"first","9":"instock","10":"taxable","11":"shipping-taxable","12":"purchasable","13":"product-type-simple"},"brands":[],"_links":{"self":[{"href":"https:\/\/angeldar.com\/en\/wp-json\/wp\/v2\/product\/33905","targetHints":{"allow":["GET"]}}],"collection":[{"href":"https:\/\/angeldar.com\/en\/wp-json\/wp\/v2\/product"}],"about":[{"href":"https:\/\/angeldar.com\/en\/wp-json\/wp\/v2\/types\/product"}],"replies":[{"embeddable":true,"href":"https:\/\/angeldar.com\/en\/wp-json\/wp\/v2\/comments?post=33905"}],"wp:featuredmedia":[{"embeddable":true,"href":"https:\/\/angeldar.com\/en\/wp-json\/wp\/v2\/media\/32958"}],"wp:attachment":[{"href":"https:\/\/angeldar.com\/en\/wp-json\/wp\/v2\/media?parent=33905"}],"wp:term":[{"taxonomy":"pwb-brand","embeddable":true,"href":"https:\/\/angeldar.com\/en\/wp-json\/wp\/v2\/pwb-brand?post=33905"},{"taxonomy":"product_brand","embeddable":true,"href":"https:\/\/angeldar.com\/en\/wp-json\/wp\/v2\/product_brand?post=33905"},{"taxonomy":"product_cat","embeddable":true,"href":"https:\/\/angeldar.com\/en\/wp-json\/wp\/v2\/product_cat?post=33905"},{"taxonomy":"product_tag","embeddable":true,"href":"https:\/\/angeldar.com\/en\/wp-json\/wp\/v2\/product_tag?post=33905"}],"curies":[{"name":"wp","href":"https:\/\/api.w.org\/{rel}","templated":true}]}}