{"id":33904,"date":"2017-07-01T14:16:40","date_gmt":"2020-05-22T06:25:23","guid":{"rendered":"https:\/\/angeldar.com\/shop\/unkategorisiert\/aroma-airstick-green-forest-refiller-75ml\/"},"modified":"2020-05-22T08:25:23","modified_gmt":"2020-05-22T06:25:23","slug":"aroma-airstick-green-forest-refiller-75ml","status":"publish","type":"product","link":"https:\/\/angeldar.com\/en\/product\/aroma-airstick-green-forest-refiller-75ml\/","title":{"rendered":"Aroma-Airstick Green Forest refiller &#8211; Farfalla"},"content":{"rendered":"<h2>Aroma-Airstick Green Forest refiller<\/h2>\n<p><strong>100ml refill bottle.<\/strong><\/p>\n<h2>Aroma Airstick Green Forest. <strong>Soothing fragrance experience with invigorating forest scents, citrus notes and a touch of fresh mint.<\/strong> <em><strong>give living rooms a natural smell.<\/strong><\/em><\/h2>\n<p><em><strong>Farfalla Air Sticks-without chemistry -all natural essential oils.<\/strong><\/em><\/p>\n<p>&nbsp;<\/p>\n<p>INGREDIENTS: Alcool, Huile&#8217;s essential natural (Sapin Baumier*, Sapin Blanc*, Citron*, Menthe Poivr\u00e9e* etc.), Eau, Glycerin. *de culture biologique contr\u00e9l\u00e9e.<\/p>\n","protected":false},"excerpt":{"rendered":"<p>100ml<\/p>\n<p>refill bottle for the fragrance Green-Forrest.<\/p>\n<p>A walk in the woods at home.<\/p>\n<p>&nbsp;<\/p>\n","protected":false},"featured_media":33897,"comment_status":"open","ping_status":"closed","template":"","meta":{"iawp_total_views":6},"pwb-brand":[],"product_brand":[],"product_cat":[1158],"product_tag":[],"class_list":{"0":"post-33904","1":"product","2":"type-product","3":"status-publish","4":"has-post-thumbnail","6":"product_cat-room-fragrance","8":"first","9":"instock","10":"taxable","11":"shipping-taxable","12":"purchasable","13":"product-type-simple"},"brands":[],"_links":{"self":[{"href":"https:\/\/angeldar.com\/en\/wp-json\/wp\/v2\/product\/33904","targetHints":{"allow":["GET"]}}],"collection":[{"href":"https:\/\/angeldar.com\/en\/wp-json\/wp\/v2\/product"}],"about":[{"href":"https:\/\/angeldar.com\/en\/wp-json\/wp\/v2\/types\/product"}],"replies":[{"embeddable":true,"href":"https:\/\/angeldar.com\/en\/wp-json\/wp\/v2\/comments?post=33904"}],"wp:featuredmedia":[{"embeddable":true,"href":"https:\/\/angeldar.com\/en\/wp-json\/wp\/v2\/media\/33897"}],"wp:attachment":[{"href":"https:\/\/angeldar.com\/en\/wp-json\/wp\/v2\/media?parent=33904"}],"wp:term":[{"taxonomy":"pwb-brand","embeddable":true,"href":"https:\/\/angeldar.com\/en\/wp-json\/wp\/v2\/pwb-brand?post=33904"},{"taxonomy":"product_brand","embeddable":true,"href":"https:\/\/angeldar.com\/en\/wp-json\/wp\/v2\/product_brand?post=33904"},{"taxonomy":"product_cat","embeddable":true,"href":"https:\/\/angeldar.com\/en\/wp-json\/wp\/v2\/product_cat?post=33904"},{"taxonomy":"product_tag","embeddable":true,"href":"https:\/\/angeldar.com\/en\/wp-json\/wp\/v2\/product_tag?post=33904"}],"curies":[{"name":"wp","href":"https:\/\/api.w.org\/{rel}","templated":true}]}}