{"id":33841,"date":"2017-12-18T17:28:58","date_gmt":"2020-05-21T17:07:21","guid":{"rendered":"https:\/\/angeldar.com\/shop\/unkategorisiert\/myrte-cineol-bio-aetheric-oel-of-neumond\/"},"modified":"2021-05-10T10:50:00","modified_gmt":"2021-05-10T08:50:00","slug":"mirt-marokkanskij-jefirnoe-mas","status":"publish","type":"product","link":"https:\/\/angeldar.com\/en\/product\/mirt-marokkanskij-jefirnoe-mas\/","title":{"rendered":"Myrtle Moroccan essential oil bio Neumond"},"content":{"rendered":"<h2>Moroccan myrtle essential oil bio 5ml<\/h2>\n<p>Moroccan myrtle essential oil &#8211; high in Myrtenylacetat. Fresh, green, clear aroma, yet softer than traditional Turkish or priced myrtle. More skin friendly and also in therapy for children. In addition to the traditional combinations of the fragrance, its menthol and eucalyptus notes with a distant sound of violet add an unexpected sound to floral and sweet compositions. Beautiful rich and versatile aroma.<\/p>\n<p>The Myrtle plant is often referred to as the &#8220;Unknown Myrtle&#8221; In ancient times, myrtle was dedicated to Aphrodite and is still a popular component of wedding bouquets. It is an evergreen shrub native to the Mediterranean. In myrtle, both leaves and berries are aromatic. Myrtle hydrolat &#8220;Eau d&#8217;anges&#8221; (Angelic water) gives the face a flawless color. In naturopathy, it is used for problems with the respiratory system, being a powerful expectorant and for problem skin. Strengthens the immune system, improves indoor air quality. On the way, it helps to maintain clarity of thought and concentration, avoid unnecessary emotions. Mixed with citrus and pine oils, it is well suited for the sauna.<\/p>\n<p>Depending on the climate, soil and water, the plants form a unique mixture of active ingredients and aromas that determine the effect of this variety. These varieties are called chemotypes.<\/p>\n<p>Turkish myrtle<br \/>\n<span title=\"50% Oxide, 27% Monoterpene, Ester, Monoterpenole, Sesquiterpene und andere \">50% oxides, 27% monoterpenes, esters, monoterpenols, sesquiterpenes and others<\/span><\/p>\n<p><span title=\"Myrte marokkanisch \">Moroccan myrtle<\/span><br \/>\n<span title=\"45% Monoterpene, 22% Ester, 17% Oxide, Sesquiterpene und Monoterpenole \">45% monoterpenes, 22% acetates, 17% oxides, sesquiterpenes and monoterpenols<\/span><\/p>\n<p><span title=\"Myrte anden \">Myrtle of the Andes<\/span><br \/>\n<span title=\"75% Monoterpene, 10% Oxide, Sesquiterpene, Monoterpenole und andere \">75% monoterpenes, 10% oxides, sesquiterpenes and other monoterpenols<\/span><\/p>\n<p><strong><span title=\"Gewinnung \">Aroma Tip:<\/span><\/strong><\/p>\n<p>Massage oil Silence<\/p>\n<p>2 drops of myrtle<br \/>\n<span title=\"2 Tropfen Rosengeranie (Pelargonie graveolens) \">3 drops of pink geranium <\/span><br \/>\n<span title=\"2 Tropfen Myrrhe (Commiphora molmol) \">2 drops of myrrh<\/span><\/p>\n<p>2 drops of Atlas cedar<\/p>\n<p><span title=\"in 50 ml s\u00fc\u00dfes Mandel\u00f6l\">mix with 50 ml almond oil<\/span><\/p>\n<p><strong>German name:<\/strong> Myrte bio<\/p>\n<p><strong>Latin name:<\/strong><em> Myrtus<\/em><em> communis<\/em><\/p>\n<p><strong>Production method:<\/strong> Steam distillation from leaves and branches<\/p>\n<p><strong>Country of origin:<\/strong> Morocco &#8211; controlled organic farming<\/p>\n<p><strong>Fragrant note:<\/strong> Upper-Cardiac<\/p>\n<p><strong>Aroma type:<\/strong> Animating<\/p>\n<p><strong>Aroma profile:<\/strong> fresh, green, clear, soft, with menthol notes.<\/p>\n<p><strong>Impact:<\/strong> helps to think clearly and clearly, clears old grievances and disappointments, helps to dump the accumulated burden, strengthens intuition, harmonizes.<\/p>\n<p><strong>Harmonious combinations:<\/strong> lavender, rosemary, clary sage, pine and citrus esters.<\/p>\n<p><span title=\"Gewinnung\"><strong>Application:<\/strong><\/span> in aroma lamps, aroma fountains, in inhalants and compresses, in anti-cold sprays and balms, in massage and care mixtures.<\/p>\n<p><span title=\"Gewinnung\"><strong><em>Dosage:<\/em><\/strong><\/span><em> add no more than 20 drops per 50 ml of base to skin care products.<\/em><\/p>\n<p><span title=\"Gewinnung\"><strong>Manufacturer:<\/strong><\/span> Neumond Germany<\/p>\n<p>&nbsp;<\/p>\n","protected":false},"excerpt":{"rendered":"<p>5ml<\/p>\n<p>Neumond Germany<\/p>\n<p>Top-Heart Note \/ Refreshing<\/p>\n<p><em>Myrtus communis<\/em><\/p>\n<p>fresh clear aroma<\/p>\n<p>for aromatherapy, Ayurveda, cosmetics, perfumery<\/p>\n<p><img decoding=\"async\" class=\"alignleft wp-image-29377\" src=\"https:\/\/angeldar.com\/wp-content\/uploads\/2017\/12\/abcert_2013_logo.jpg\" alt=\"\" width=\"120\" height=\"42\"><\/p>\n","protected":false},"featured_media":33842,"comment_status":"open","ping_status":"closed","template":"","meta":{"iawp_total_views":1},"pwb-brand":[],"product_brand":[],"product_cat":[333,338],"product_tag":[],"class_list":{"0":"post-33841","1":"product","2":"type-product","3":"status-publish","4":"has-post-thumbnail","6":"product_cat-aromatherapie-en","7":"product_cat-aetherische-oele-en","8":"pa_a-z-m-en","9":"pa_duftnote-heart-head","10":"pa_duftprofil-fresh","11":"pa_duftprofil-green","12":"pa_element-air-and-some-water","13":"pa_inhalt-5ml-en","14":"pa_wirkung-refreshing","16":"first","17":"instock","18":"taxable","19":"shipping-taxable","20":"purchasable","21":"product-type-simple"},"brands":[],"_links":{"self":[{"href":"https:\/\/angeldar.com\/en\/wp-json\/wp\/v2\/product\/33841","targetHints":{"allow":["GET"]}}],"collection":[{"href":"https:\/\/angeldar.com\/en\/wp-json\/wp\/v2\/product"}],"about":[{"href":"https:\/\/angeldar.com\/en\/wp-json\/wp\/v2\/types\/product"}],"replies":[{"embeddable":true,"href":"https:\/\/angeldar.com\/en\/wp-json\/wp\/v2\/comments?post=33841"}],"wp:featuredmedia":[{"embeddable":true,"href":"https:\/\/angeldar.com\/en\/wp-json\/wp\/v2\/media\/33842"}],"wp:attachment":[{"href":"https:\/\/angeldar.com\/en\/wp-json\/wp\/v2\/media?parent=33841"}],"wp:term":[{"taxonomy":"pwb-brand","embeddable":true,"href":"https:\/\/angeldar.com\/en\/wp-json\/wp\/v2\/pwb-brand?post=33841"},{"taxonomy":"product_brand","embeddable":true,"href":"https:\/\/angeldar.com\/en\/wp-json\/wp\/v2\/product_brand?post=33841"},{"taxonomy":"product_cat","embeddable":true,"href":"https:\/\/angeldar.com\/en\/wp-json\/wp\/v2\/product_cat?post=33841"},{"taxonomy":"product_tag","embeddable":true,"href":"https:\/\/angeldar.com\/en\/wp-json\/wp\/v2\/product_tag?post=33841"}],"curies":[{"name":"wp","href":"https:\/\/api.w.org\/{rel}","templated":true}]}}