{"id":33675,"date":"2020-04-05T15:59:32","date_gmt":"2020-04-05T13:59:32","guid":{"rendered":"https:\/\/angeldar.com\/shop\/unkategorisiert\/berglavendel-relax-coerperlotion-of-farfalla\/"},"modified":"2025-01-12T14:18:17","modified_gmt":"2025-01-12T13:18:17","slug":"berglavendel-relax-coerperlotion-of-farfalla","status":"publish","type":"product","link":"https:\/\/angeldar.com\/en\/product\/berglavendel-relax-coerperlotion-of-farfalla\/","title":{"rendered":"Mountain lavender Relax body lotion, by Farfalla"},"content":{"rendered":"<h2><strong><span style=\"font-size: 12pt;\"><span style=\"font-size: 18pt;\">Mountain lavender Relax body lotion<\/span>,<\/span><\/strong><\/h2>\n<h2><strong><span style=\"font-size: 12pt;\"> S<em>a relaxed, well-groomed feeling from head to toe. The balancing and soothing essential oil of the mountain lavender helps to stave off the stress of the day and to come to rest. <a href=\"https:\/\/angeldar.com\/product\/sheabutter-bio-basisoel-von-primavera\/\">Organic shea butter<\/a> pampers the skin with an extra portion of rich moisture and preserves its elasticity.<\/em><\/span><\/strong><\/h2>\n<h3><em>Mountain lavender Relax body lotion:<\/em><\/h3>\n<p><em>The ethereal oil of the <span style=\"color: #ff00ff;\"><a style=\"color: #ff00ff;\" href=\"https:\/\/angeldar.com\/product\/lavendel-wildsammlung-aetherisches-oel\/\">mountain lavender<\/a><\/span>brings inner peace and serenity.<\/em><\/p>\n<p><span style=\"font-size: 12pt;\"><em><a href=\"https:\/\/angeldar.com\/product\/rosmarin-cineol-ws-aeterisches-oel-farfalla\/\"><span style=\"color: #ff00ff;\">ROSMARIN<\/span><\/a>extract brings activity and refreshment<\/em><\/span><\/p>\n<p><span style=\"font-size: 12pt;\"><em><span style=\"color: #ff00ff;\"><a style=\"color: #ff00ff;\" href=\"https:\/\/angeldar.com\/product\/sheabutter-bio-basisoel-von-primavera\/\">SHEABUTTER<\/a><\/span>brings moisture to the skin<\/em><\/span><\/p>\n<p><em>Simply wonderful to stave off the stress of the day and feel beautifully relaxed <\/em><em>Apply to the cleansed skin and massage gently. For invigorating relaxation, mix 2 sprays of orange blossom organic plant water on the palm of the hand with a blob of body lotion and apply to the skin.<\/em><\/p>\n<p><span style=\"font-size: 10pt;\"><em>WATER, SONNENBLUMEN\u00d6L, FETTALKOHOL, MILCHS\u00c4UREESTER, LAVENDELBL\u00dcTENWASSER, HERBAL GLYZERIN, ALKOHOL, FETTS\u00c4UREESTER, GLYZERIN-STEARIN-FETTS\u00c4UREESTER, SHEABUTTER, LAURINS\u00d6UREISOAMYLESTER, MANDEL\u00d6L, ALOE VERA SAFT, LAVENDEL\u00d6L, RAPS\u00d6L, ROSMARIN-EXTRAKT, ARGININE, ASCORBINIC, XANTHAN, MISCHUNG OF NATURAL ETHERIC OILS, LEVULINS\u00c4URE, ANIS from contrict Organic<\/em><\/span><\/p>\n","protected":false},"excerpt":{"rendered":"<p>150ml<\/p>\n<p>NaTrue Certified natural cosmetics with organic content<\/p>\n<p>Vegan<\/p>\n<p>Dermatologically tested<\/p>\n","protected":false},"featured_media":33246,"comment_status":"open","ping_status":"closed","template":"","meta":{"iawp_total_views":0},"pwb-brand":[1649],"product_brand":[],"product_cat":[1125,1103],"product_tag":[],"class_list":{"0":"post-33675","1":"product","2":"type-product","3":"status-publish","4":"has-post-thumbnail","6":"pwb-brand-farfalla-en","7":"product_cat-cosmetics","8":"product_cat-personal-hygiene","10":"first","11":"instock","12":"taxable","13":"shipping-taxable","14":"purchasable","15":"product-type-simple"},"brands":[{"id":1649,"name":"farfalla","slug":"farfalla-en"}],"_links":{"self":[{"href":"https:\/\/angeldar.com\/en\/wp-json\/wp\/v2\/product\/33675","targetHints":{"allow":["GET"]}}],"collection":[{"href":"https:\/\/angeldar.com\/en\/wp-json\/wp\/v2\/product"}],"about":[{"href":"https:\/\/angeldar.com\/en\/wp-json\/wp\/v2\/types\/product"}],"replies":[{"embeddable":true,"href":"https:\/\/angeldar.com\/en\/wp-json\/wp\/v2\/comments?post=33675"}],"wp:featuredmedia":[{"embeddable":true,"href":"https:\/\/angeldar.com\/en\/wp-json\/wp\/v2\/media\/33246"}],"wp:attachment":[{"href":"https:\/\/angeldar.com\/en\/wp-json\/wp\/v2\/media?parent=33675"}],"wp:term":[{"taxonomy":"pwb-brand","embeddable":true,"href":"https:\/\/angeldar.com\/en\/wp-json\/wp\/v2\/pwb-brand?post=33675"},{"taxonomy":"product_brand","embeddable":true,"href":"https:\/\/angeldar.com\/en\/wp-json\/wp\/v2\/product_brand?post=33675"},{"taxonomy":"product_cat","embeddable":true,"href":"https:\/\/angeldar.com\/en\/wp-json\/wp\/v2\/product_cat?post=33675"},{"taxonomy":"product_tag","embeddable":true,"href":"https:\/\/angeldar.com\/en\/wp-json\/wp\/v2\/product_tag?post=33675"}],"curies":[{"name":"wp","href":"https:\/\/api.w.org\/{rel}","templated":true}]}}