{"id":33665,"date":"2017-06-22T11:07:05","date_gmt":"2020-05-17T12:04:58","guid":{"rendered":"https:\/\/angeldar.com\/shop\/unkategorisiert\/vitalizing-shower-shampoo-men-pink-pepper-farfalla\/"},"modified":"2020-05-17T14:06:08","modified_gmt":"2020-05-17T12:06:08","slug":"vitalizing-shower-shampoo-men-pink-pepper-farfalla","status":"publish","type":"product","link":"https:\/\/angeldar.com\/en\/product\/vitalizing-shower-shampoo-men-pink-pepper-farfalla\/","title":{"rendered":"Vitalizing Shower Shampoo men, Pink Pepper Farfalla"},"content":{"rendered":"<h2>Vitalizing shower shampoo men, pink pepper<\/h2>\n<p><span style=\"font-size: 14pt;\"> Pink pepper, <\/span> <span style=\"font-size: 14pt;\">gentle cleaning and refreshing care without moisture loss. With organic aloe vera, organic macae root extract and essential oils of grapefruit, <a href=\"https:\/\/angeldar.com\/en\/\u0422\u043e\u0432\u0430\u0440\/aromatherapie-en\/aetherische-oele-en\/bergamot-bio-essential-oil\/\">bergamot<\/a> and mint for a vitalized start to the day \u2013 men, pink pepper, vitalizing shower shampoo- good mood included.<\/span><\/p>\n<p>2 in 1 for skin and hair for thorough cleansing and refreshing care. The essential oil of the pink pepper invigorates the skin and senses and gives energy for the day. Mild herbal surfactants cleanse the skin without moisture loss, organic aloe vera juice and organic orange extract provide soothing care.<\/p>\n<p><span style=\"font-size: 14pt;\">Application: <\/span> <span style=\"font-size: 14pt;\">Apply to moist skin or massage into wet hair and shower thoroughly.<\/span><\/p>\n<p><span style=\"font-size: 14pt;\">Ingredients:<\/span><\/p>\n<p>WATER, COCO CLUCOSIDE, ALKOHOL, GLYZERIN, ORANGENWASSER*, ZUCKERTENSID, XANTHAN, ROSA PFEFFER\u00d6L*, ALOE VERA SAFT*, MACAWURZELEXTRAKT*, KOKOSFETTS\u00c4UREGLUTAMAT, AMINOS\u00c4UREESTER, MISCHUNG NATURAL ETHERIC OILs, LEVULINS\u00c4URE, * from conttr. Organic<\/p>\n<p>&nbsp;<\/p>\n","protected":false},"excerpt":{"rendered":"<p>150ml<\/p>\n<p>Organic active ingredient cosmetics for men<\/p>\n<p>Uncomplicated &amp; practical,<br \/>\nherb-fresh &amp; naturally effective.<br \/>\nOur promise: FEEL GREAT!<\/p>\n<p>&nbsp;<\/p>\n","protected":false},"featured_media":33022,"comment_status":"open","ping_status":"closed","template":"","meta":{"iawp_total_views":1},"pwb-brand":[],"product_brand":[],"product_cat":[1102],"product_tag":[],"class_list":{"0":"post-33665","1":"product","2":"type-product","3":"status-publish","4":"has-post-thumbnail","6":"product_cat-mens-world","8":"first","9":"outofstock","10":"taxable","11":"shipping-taxable","12":"purchasable","13":"product-type-simple"},"brands":[],"_links":{"self":[{"href":"https:\/\/angeldar.com\/en\/wp-json\/wp\/v2\/product\/33665","targetHints":{"allow":["GET"]}}],"collection":[{"href":"https:\/\/angeldar.com\/en\/wp-json\/wp\/v2\/product"}],"about":[{"href":"https:\/\/angeldar.com\/en\/wp-json\/wp\/v2\/types\/product"}],"replies":[{"embeddable":true,"href":"https:\/\/angeldar.com\/en\/wp-json\/wp\/v2\/comments?post=33665"}],"wp:featuredmedia":[{"embeddable":true,"href":"https:\/\/angeldar.com\/en\/wp-json\/wp\/v2\/media\/33022"}],"wp:attachment":[{"href":"https:\/\/angeldar.com\/en\/wp-json\/wp\/v2\/media?parent=33665"}],"wp:term":[{"taxonomy":"pwb-brand","embeddable":true,"href":"https:\/\/angeldar.com\/en\/wp-json\/wp\/v2\/pwb-brand?post=33665"},{"taxonomy":"product_brand","embeddable":true,"href":"https:\/\/angeldar.com\/en\/wp-json\/wp\/v2\/product_brand?post=33665"},{"taxonomy":"product_cat","embeddable":true,"href":"https:\/\/angeldar.com\/en\/wp-json\/wp\/v2\/product_cat?post=33665"},{"taxonomy":"product_tag","embeddable":true,"href":"https:\/\/angeldar.com\/en\/wp-json\/wp\/v2\/product_tag?post=33665"}],"curies":[{"name":"wp","href":"https:\/\/api.w.org\/{rel}","templated":true}]}}