{"id":33654,"date":"2017-06-23T07:46:17","date_gmt":"2017-06-23T05:46:17","guid":{"rendered":"https:\/\/angeldar.com\/shop\/unkategorisiert\/badeoel-with-bio-ginger-and-lime-100ml\/"},"modified":"2025-05-20T13:01:50","modified_gmt":"2025-05-20T11:01:50","slug":"lebensfreude-trockenoel-primavera","status":"publish","type":"product","link":"https:\/\/angeldar.com\/en\/product\/lebensfreude-trockenoel-primavera\/","title":{"rendered":"Joy of Life Dry Oil Primavera"},"content":{"rendered":"<h3>Vitality dry oil<\/h3>\n<div class=\"product attribute oneliner\">\n<div class=\"value\">The quickly absorbed body oil provides the skin with fragrant, intensive care and pampers the senses with a naturally fresh fragrance.<\/div>\n<div><\/div>\n<div>Massage into damp skin after showering or bathing. &#8211; Perfect, soft skin feeling. <\/div>\n<\/div>\n<div class=\"product attribute description\">\n<div class=\"value expandable\">\n<div class=\"pdetails\">\n<p>Our joie de vivre drying oil was named &#8220;Best Organic 2024&#8221;.<\/p>\n<p>The fast-absorbing body oil is a fragrant, all-natural plant power composition of organic grape seed oil, organic wild rose oil, organic blackcurrant seed oil and organic camellia seed oil. It contains a high proportion of polyunsaturated fatty acids and provides the skin with intensive care. The dry oil joie de vivre leaves the skin feeling soft and nourished without being shiny or sticky and pampers the senses with its naturally refreshing fragrance. Massaged into damp skin after showering or bathing, the all-natural body oil revitalizes with natural plant extracts and a fruity-fresh fragrance composition of lime and organic ginger. Enjoy the unique care ritual and experience a natural sense of well-being and pure joie de vivre.    <\/p>\n<\/div>\n<\/div>\n<\/div>\n<p><span style=\"font-size: 14pt;\">Organic <a href=\"https:\/\/angeldar.com\/%D0%A2%D0%BE%D0%B2%D0%B0%D1%80\/kosmetik\/koerperpflege-kosmetik\/frischedeo-ingwer-limette-50ml\/\">ginger essential oil<\/a> has a warming and revitalizing effect. Its spicy aroma sharpens the spiritual powers.<\/span><\/p>\n<p><span style=\"font-size: 14pt;\">Essential lime oil activates the skin with its gently astringent effect. Its fruity and fresh fragrance lifts the mood and invigorates it.<\/span><\/p>\n<h3 id=\"diy-block\">Organic grape seed oil is very well absorbed and promotes the skin&#8217;s ability to absorb.<\/h3>\n<h3 id=\"diy-block\"><strong>Organic wild rose oil promotes the regeneration of the skin. Rich in vitamins and important fatty acids. <\/strong><\/h3>\n<h3 id=\"diy-block\"><strong>Organic blackcurrant seed oil nourishes the skin extra intensively thanks to its special fatty acid spectrum, leaving it feeling supple, soft and revitalized.<\/strong><\/h3>\n<p><span style=\"font-size: 14pt;\"><a href=\"https:\/\/www.prosieben.de\/themen\/beauty-fashion\/news\/beauty-insider-warum-trockenoel-der-geheimtipp-fuer-gesunde-haare-und-eine-makellose-haut-ist-314493\" rel=\"noopener\">Dried oil<\/a> with organic ginger and lime<\/span><\/p>\n<p>&nbsp;<\/p>\n<div class=\"wp-column is-full mb-2 p-0\"><strong>IINCI<br \/>\nHelianthus Annuus (Sunflower) Seed Oil* org, Squalane, Vitis Vinifera (Grape) Seed Oil* org, Rosa Moschata Seed Oil* org , Aleurites Moluccanus Seed Oil, Ribes Nigrum (Black Currant) Seed Oil* org, Fragrance (Parfum)**, Citrus Aurantifolia (Lime) Peel Oil, Zingiber Officinale (Ginger) Root Oil* org, Camellia Oleifera Seed Oil* org, Tocopherol, Rosmarinus Officinalis (Rosemary) Leaf Extract, Lecithin, Limonene**, Citral**, Linalool**, Geraniol**, Citronellol**, Benzyl Benzoate**<br \/>* bio\/org = kontrolliert biologischer Anbau\/ certified organic cultivation<br \/>** nat\u00fcrliche Bestandteile 100% naturreiner \u00e4therischer \u00d6le\/ from 100% pure and natural essential oils<\/strong> Lime oil, eth. organic ginger oil*, organic camellia seed oil*, natural vitamin E, rosemary leaf extract, lecithin, limonene**, citral**, linalool**, geraniol**, citronellol**, benzyl benzoate**<br \/>\n<small>* organic = controlled organic cultivation<br \/>\n** natural ingredients of 100% pure natural essential oils<\/small><\/div>\n<div>\n<div class=\"product attribute description\">\n<div class=\"value expandable\">\n<div class=\"pdetails\">\n<p>&nbsp;<\/p>\n<\/div>\n<\/div>\n<\/div>\n<\/div>\n","protected":false},"excerpt":{"rendered":"<p>100ml<\/p>\n<p><span style=\"font-size: 14pt;\">Massage into damp skin after showering or bathing &#8211; perfect, soft skin feeling. And the scent&#8230;<\/span><\/p>\n<div class=\"product attribute oneliner\">\n<div class=\"value\"><em>The quickly absorbed body oil provides the skin with fragrant, intensive care and pampers the senses with a naturally fresh fragrance.<\/em><\/div>\n<\/div>\n<div class=\"product attribute description\">\n<div class=\"value expandable\">\n<div class=\"pdetails\">\n<p><em>  Lebensfreude drying oil was named &#8220;Best Organic 2024&#8221;.<\/em><\/p>\n<\/div>\n<\/div>\n<\/div>\n<p><img decoding=\"async\" class=\"alignleft wp-image-29392\" src=\"https:\/\/angeldar.com\/wp-content\/uploads\/2017\/12\/Natrue_Logo-e1516531380849.jpg\" alt=\"\" width=\"89\" height=\"89\" srcset=\"https:\/\/angeldar.com\/wp-content\/uploads\/2017\/12\/Natrue_Logo-e1516531380849.jpg 150w, https:\/\/angeldar.com\/wp-content\/uploads\/2017\/12\/Natrue_Logo-e1516531380849-100x100.jpg 100w, https:\/\/angeldar.com\/wp-content\/uploads\/2017\/12\/Natrue_Logo-e1516531380849-50x50.jpg 50w\" sizes=\"(max-width: 89px) 100vw, 89px\" \/><\/p>\n","protected":false},"featured_media":41160,"comment_status":"open","ping_status":"closed","template":"","meta":{"iawp_total_views":1},"pwb-brand":[1647],"product_brand":[],"product_cat":[1103,1125],"product_tag":[],"class_list":{"0":"post-33654","1":"product","2":"type-product","3":"status-publish","4":"has-post-thumbnail","6":"pwb-brand-primavera-en","7":"product_cat-personal-hygiene","8":"product_cat-cosmetics","10":"first","11":"instock","12":"taxable","13":"shipping-taxable","14":"purchasable","15":"product-type-simple"},"brands":[{"id":1647,"name":"Primavera life","slug":"primavera-en"}],"_links":{"self":[{"href":"https:\/\/angeldar.com\/en\/wp-json\/wp\/v2\/product\/33654","targetHints":{"allow":["GET"]}}],"collection":[{"href":"https:\/\/angeldar.com\/en\/wp-json\/wp\/v2\/product"}],"about":[{"href":"https:\/\/angeldar.com\/en\/wp-json\/wp\/v2\/types\/product"}],"replies":[{"embeddable":true,"href":"https:\/\/angeldar.com\/en\/wp-json\/wp\/v2\/comments?post=33654"}],"wp:featuredmedia":[{"embeddable":true,"href":"https:\/\/angeldar.com\/en\/wp-json\/wp\/v2\/media\/41160"}],"wp:attachment":[{"href":"https:\/\/angeldar.com\/en\/wp-json\/wp\/v2\/media?parent=33654"}],"wp:term":[{"taxonomy":"pwb-brand","embeddable":true,"href":"https:\/\/angeldar.com\/en\/wp-json\/wp\/v2\/pwb-brand?post=33654"},{"taxonomy":"product_brand","embeddable":true,"href":"https:\/\/angeldar.com\/en\/wp-json\/wp\/v2\/product_brand?post=33654"},{"taxonomy":"product_cat","embeddable":true,"href":"https:\/\/angeldar.com\/en\/wp-json\/wp\/v2\/product_cat?post=33654"},{"taxonomy":"product_tag","embeddable":true,"href":"https:\/\/angeldar.com\/en\/wp-json\/wp\/v2\/product_tag?post=33654"}],"curies":[{"name":"wp","href":"https:\/\/api.w.org\/{rel}","templated":true}]}}