{"id":33651,"date":"2017-06-23T08:37:22","date_gmt":"2017-06-23T06:37:22","guid":{"rendered":"https:\/\/angeldar.com\/shop\/unkategorisiert\/invigorating-coerperoel-bio-ginger-lime-100-ml\/"},"modified":"2025-05-05T18:47:28","modified_gmt":"2025-05-05T16:47:28","slug":"joy-of-life-body-spray-primavera","status":"publish","type":"product","link":"https:\/\/angeldar.com\/en\/product\/joy-of-life-body-spray-primavera\/","title":{"rendered":"Joy of life body spray Primavera life"},"content":{"rendered":"<h3>Joie de vivre body spray<\/h3>\n<div class=\"product attribute oneliner\">\n<div class=\"value\"><em>The cooling body spray provides a unique kick of good mood freshness, moisturizes the skin and invigorates the skin and senses with its fruity-fresh scent of lime and organic ginger.<\/em><\/div>\n<\/div>\n<div class=\"product attribute description\">\n<div class=\"value expandable\">\n<div class=\"pdetails\">\n<p><em>In the August issue of \u00d6ko Test magazine, our Lebensfreude body spray received the top rating of <a href=\"https:\/\/www.primaveralife.com\/news\/lebensfreude-koerperspray-bestnote-oekotest\" target=\"blank\" rel=\"noopener\">&#8220;very good&#8221;.<\/a><\/em><\/p>\n<p><em>Experience pure freshness from nature and a tingling body splash with the joie de vivre body spray. Immerse yourself in a fragrant world of well-being and experience the power of pure natural skin care. The cooling body spray is a plant-based composition of organic lime water, organic kiwi extract, aloe vera, organic avocado and organic mate leaves. It provides a unique good-mood freshness kick, moisturizes the skin and invigorates the senses. Spray onto the body from a distance of approx. 30 cm as required to give you a wonderful feeling of well-being and more vitality. With its fruity-fresh fragrance composition of lime and organic ginger, it has an inspiring effect, refreshes from head to toe and gives you pure joie de vivre.     <\/em><\/p>\n<\/div>\n<\/div>\n<\/div>\n<p>100 plant power. dermatologically tested.<\/p>\n<p>Organic ginger oil has an invigorating and vitalizing effect. Its spicy aroma sharpens the spiritual powers.<\/p>\n<p>Essential lime oil activates the skin with its gently astringent effect. Its fruity and fresh fragrance lifts the mood and invigorates it.<\/p>\n<h5 id=\"diy-block\">Organic kiwi extract moisturizes, has an antioxidant effect and relaxes the skin. Rich in vitamin C. <\/h5>\n<h5 id=\"diy-block\">Organic lime water has a tangy, fresh fragrance, invigorates the skin and senses and has a balancing effect on the skin.<\/h5>\n<p>&nbsp;<\/p>\n<div class=\"product-info-main\">\n<div class=\"additional-attributes-wrapper\">\n<div class=\"expander\">\n<div class=\"patdetails\">\n<div class=\"wp-columns is-mobile is-multiline is-gapless mt-0 mb-0\">\n<div class=\"wp-column is-full mb-2 p-0\"><strong>INCI<br \/>\nCitrus Aurantifolia (Lime) Fruit Water* org, Water (Aqua), Alcohol* org, Pentylene Glycol, Glycerin, Polyglyceryl-4 Caprate, Betaine, Fragrance (Parfum)**, Citrus Aurantifolia (Lime) Peel Oil, Zingiber Officinale (Ginger) Root Oil* org, Mentha Piperita (Peppermint) Leaf Extract, Zingiber Officinale (Ginger) Root Extract, Aloe Barbadensis Leaf Juice Powder* org, Ilex Paraguariensis Leaf Extract* org, Actinidia Deliciosa (Kiwi) Fruit Extract* org, Cucumis Sativus (Cucumber) Fruit Extract* org, Persea Gratissima (Avocado) Fruit Extract* org, Leuconostoc\/Radish Root Ferment Filtrate, Arginine, Lactic Acid, Limonene**, Citral**, Linalool**, Geraniol**<br \/>* bio\/org = kontrolliert biologischer Anbau\/certified organic cultivation<br \/>** nat\u00fcrliche Bestandteile 100% naturreiner \u00e4therischer \u00d6le\/from 100% pure and natural essential oilsngredients<\/strong><\/p>\n<p> Lime oil, eth. organic ginger oil*, peppermint extract, ginger extract, organic aloe vera powder*, organic mate leaf extract*, organic kiwi extract*, organic cucumber extract*, organic acovado fruit pulp extract*, radish root extract, arginine, lactic acid, limonene**, citral**, linalool**, geraniol**<br \/>\n<small>* organic = controlled organic cultivation<br \/>\n** natural ingredients of 100% pure natural essential oils<\/small><\/div>\n<div class=\"wp-column is-full mb-2 p-0\"><\/div>\n<\/div>\n<\/div>\n<\/div>\n<div id=\"inhaltsverzeichnis\" class=\"anchornav\">\n<div><\/div>\n<div class=\"dotted\"><\/div>\n<\/div>\n<\/div>\n<\/div>\n<div class=\"upsells-block-container\">\n<div class=\"landing-cat-teaser mt-6 pt-6\">\n<h2 class=\"nomargin\"><\/h2>\n<\/div>\n<\/div>\n","protected":false},"excerpt":{"rendered":"<p>100ml<\/p>\n<p>Vegan<\/p>\n<p><img decoding=\"async\" class=\"alignleft wp-image-29392\" src=\"https:\/\/angeldar.com\/wp-content\/uploads\/2017\/12\/Natrue_Logo-e1516531380849.jpg\" alt=\"\" width=\"91\" height=\"91\" srcset=\"https:\/\/angeldar.com\/wp-content\/uploads\/2017\/12\/Natrue_Logo-e1516531380849.jpg 150w, https:\/\/angeldar.com\/wp-content\/uploads\/2017\/12\/Natrue_Logo-e1516531380849-100x100.jpg 100w, https:\/\/angeldar.com\/wp-content\/uploads\/2017\/12\/Natrue_Logo-e1516531380849-50x50.jpg 50w\" sizes=\"(max-width: 91px) 100vw, 91px\" \/><\/p>\n","protected":false},"featured_media":41154,"comment_status":"open","ping_status":"closed","template":"","meta":{"iawp_total_views":0},"pwb-brand":[1647],"product_brand":[],"product_cat":[1103,1125],"product_tag":[],"class_list":{"0":"post-33651","1":"product","2":"type-product","3":"status-publish","4":"has-post-thumbnail","6":"pwb-brand-primavera-en","7":"product_cat-personal-hygiene","8":"product_cat-cosmetics","10":"first","11":"instock","12":"taxable","13":"shipping-taxable","14":"purchasable","15":"product-type-simple"},"brands":[{"id":1647,"name":"Primavera life","slug":"primavera-en"}],"_links":{"self":[{"href":"https:\/\/angeldar.com\/en\/wp-json\/wp\/v2\/product\/33651","targetHints":{"allow":["GET"]}}],"collection":[{"href":"https:\/\/angeldar.com\/en\/wp-json\/wp\/v2\/product"}],"about":[{"href":"https:\/\/angeldar.com\/en\/wp-json\/wp\/v2\/types\/product"}],"replies":[{"embeddable":true,"href":"https:\/\/angeldar.com\/en\/wp-json\/wp\/v2\/comments?post=33651"}],"wp:featuredmedia":[{"embeddable":true,"href":"https:\/\/angeldar.com\/en\/wp-json\/wp\/v2\/media\/41154"}],"wp:attachment":[{"href":"https:\/\/angeldar.com\/en\/wp-json\/wp\/v2\/media?parent=33651"}],"wp:term":[{"taxonomy":"pwb-brand","embeddable":true,"href":"https:\/\/angeldar.com\/en\/wp-json\/wp\/v2\/pwb-brand?post=33651"},{"taxonomy":"product_brand","embeddable":true,"href":"https:\/\/angeldar.com\/en\/wp-json\/wp\/v2\/product_brand?post=33651"},{"taxonomy":"product_cat","embeddable":true,"href":"https:\/\/angeldar.com\/en\/wp-json\/wp\/v2\/product_cat?post=33651"},{"taxonomy":"product_tag","embeddable":true,"href":"https:\/\/angeldar.com\/en\/wp-json\/wp\/v2\/product_tag?post=33651"}],"curies":[{"name":"wp","href":"https:\/\/api.w.org\/{rel}","templated":true}]}}