{"id":33644,"date":"2017-06-23T09:39:14","date_gmt":"2017-06-23T07:39:14","guid":{"rendered":"https:\/\/angeldar.com\/shop\/unkategorisiert\/fresh-deo-ginger-lime-50ml\/"},"modified":"2025-05-05T13:19:09","modified_gmt":"2025-05-05T11:19:09","slug":"joie-de-vivre-fresh-deodorant-primavera","status":"publish","type":"product","link":"https:\/\/angeldar.com\/en\/product\/joie-de-vivre-fresh-deodorant-primavera\/","title":{"rendered":"Vitality Fresh Deodorant Primavera"},"content":{"rendered":"<h2>Joie de vivre Fresh deodorant<\/h2>\n<p><span style=\"font-size: 14pt;\">Lebensfreude Frischedeo protects against body odor for 24 hours.<\/span><\/p>\n<p><span style=\"font-size: 14pt;\">Skin-care ingredients, without aluminium salts, neutralize odour-forming bacteria. <\/span>Kalamansi extract, rich in vitamin C and citric acid, has a strong antibacterial effect. Antibacterial biological sage water inhibits the formation of odour-causing bacteria. Organic<span style=\"color: #ff00ff;\"> <a style=\"color: #ff00ff;\" href=\"https:\/\/angeldar.com\/%D0%A2%D0%BE%D0%B2%D0%B0%D1%80\/kosmetik\/babys-und-kinder\/aloe-vera-bio-basisoel-von-primavera\/\">aloe vera<\/a> <\/span>extract soothes and calms the skin. <a href=\"https:\/\/angeldar.com\/%D0%A2%D0%BE%D0%B2%D0%B0%D1%80\/aromatherapie\/hydrolate\/hamameliswasser-bio-von-primavera\/\"><span style=\"color: #ff00ff;\">Witch hazel water<\/span><\/a> organic has a clarifying, balancing and refreshing effect on the armpit. Biological essential ginger oil has an antibacterial and soothing effect. Its spicy aroma sharpens the spiritual powers. Essential lime oil activates the skin with its gently astringent and antiseptic effect. Its fruity and fresh fragrance enlivens the senses.<\/p>\n<div class=\"product attribute oneliner\">\n<div class=\"value\"><em>Frischedeo Lebensfreude offers fragrant 24-hour protection without aluminum salts and provides a sensual experience with its invigorating scent of lime and organic ginger.<\/em><\/div>\n<\/div>\n<div class=\"product attribute description\">\n<div class=\"value expandable\">\n<div class=\"pdetails\">\n<p><em>Experience your sensually fragrant care ritual and the power of natural plant extract compositions every day. Frischedeo Lebensfreude offers fragrant 24-hour protection without aluminum salts and a natural feeling of well-being for the whole day. It neutralizes odour-causing bacteria with a fragrant composition of plant extracts of organic ginger, lime, spicy organic sage extract, organic sage water and organic witch hazel water. In this way, Frischedeo Lebensfreude protects against unpleasant body odor. Rolled onto cleansed, dry, non-irritated skin, it refreshes and gently provides a pleasant feeling of freshness. Enjoy the invigorating fragrance and the sensual experience of natural body care products with organic plant power.     <\/em><\/p>\n<\/div>\n<\/div>\n<\/div>\n<div class=\"wp-column is-full mb-2 p-0\"><strong>INCI<br \/>\nWater (Aqua), Alcohol* org, Zinc PCA, Hamamelis Virginiana (Witch Hazel) Leaf Water* org, Salvia Officinalis (Sage) Leaf Water* org, Triethyl Citrate, Decyl Glucoside, Aloe Barbadensis Leaf Juice Powder* org, Salvia Officinalis (Sage) Leaf Extract* Org, Fragrance (Parfum)**, Lavandula Angustifolia (Lavender) Oil* org, Citrus Aurantifolia (Lime) Peel Oil, Zingiber Officinale (Ginger) Root Oil* org, Glycerin, Xanthan Gum, Acacia Senegal Gum, Limonene**, Citral**, Geraniol**<br \/>* bio\/org = kontrolliert biologischer Anbau\/ certified organic cultivation<br \/>** nat\u00fcrliche Bestandteile 100% naturreiner \u00e4therischer \u00d6le\/ from 100% pure and natural essential oilsIngredients<\/strong><br \/>Water, organic alcohol*, zinc PCA, organic witch hazel water*, organic sage water*, citric acid triethyl ester, sugar surfactant, organic aloe vera powder*, organic sage extract*, 100 % pure natural essential oils: essential oils. Lavender oil* organic, ethyl. Lime oil, ethyl. Ginger oil* organic and others, glycerine, xanthan gum, gum arabic, limonene**, citral**, geraniol**<br \/>\n<small>* organic = controlled organic cultivation<br \/>\n** natural ingredients of 100% pure natural essential oils<\/small><\/div>\n<div class=\"wp-column is-full mb-2 p-0\"><\/div>\n<div><\/div>\n<div>\n<div class=\"product attribute oneliner\"><\/div>\n<div class=\"product attribute description\">\n<div class=\"value expandable\">\n<div class=\"pdetails\">\n<p>&nbsp;<\/p>\n<\/div>\n<\/div>\n<\/div>\n<\/div>\n","protected":false},"excerpt":{"rendered":"<p>50ml<\/p>\n<p>The mild fresh deodorant protects against body odor for 24 hours.<\/p>\n<p>by Primavera<\/p>\n<p>Vegan<\/p>\n<p><img decoding=\"async\" class=\"alignleft wp-image-29392\" src=\"https:\/\/angeldar.com\/wp-content\/uploads\/2017\/12\/Natrue_Logo-e1516531380849.jpg\" alt=\"\" width=\"90\" height=\"90\" srcset=\"https:\/\/angeldar.com\/wp-content\/uploads\/2017\/12\/Natrue_Logo-e1516531380849.jpg 150w, https:\/\/angeldar.com\/wp-content\/uploads\/2017\/12\/Natrue_Logo-e1516531380849-100x100.jpg 100w, https:\/\/angeldar.com\/wp-content\/uploads\/2017\/12\/Natrue_Logo-e1516531380849-50x50.jpg 50w\" sizes=\"(max-width: 90px) 100vw, 90px\" \/><\/p>\n","protected":false},"featured_media":41142,"comment_status":"open","ping_status":"closed","template":"","meta":{"iawp_total_views":4},"pwb-brand":[1647],"product_brand":[],"product_cat":[1103,1125],"product_tag":[],"class_list":{"0":"post-33644","1":"product","2":"type-product","3":"status-publish","4":"has-post-thumbnail","6":"pwb-brand-primavera-en","7":"product_cat-personal-hygiene","8":"product_cat-cosmetics","10":"first","11":"instock","12":"taxable","13":"shipping-taxable","14":"purchasable","15":"product-type-simple"},"brands":[{"id":1647,"name":"Primavera life","slug":"primavera-en"}],"_links":{"self":[{"href":"https:\/\/angeldar.com\/en\/wp-json\/wp\/v2\/product\/33644","targetHints":{"allow":["GET"]}}],"collection":[{"href":"https:\/\/angeldar.com\/en\/wp-json\/wp\/v2\/product"}],"about":[{"href":"https:\/\/angeldar.com\/en\/wp-json\/wp\/v2\/types\/product"}],"replies":[{"embeddable":true,"href":"https:\/\/angeldar.com\/en\/wp-json\/wp\/v2\/comments?post=33644"}],"wp:featuredmedia":[{"embeddable":true,"href":"https:\/\/angeldar.com\/en\/wp-json\/wp\/v2\/media\/41142"}],"wp:attachment":[{"href":"https:\/\/angeldar.com\/en\/wp-json\/wp\/v2\/media?parent=33644"}],"wp:term":[{"taxonomy":"pwb-brand","embeddable":true,"href":"https:\/\/angeldar.com\/en\/wp-json\/wp\/v2\/pwb-brand?post=33644"},{"taxonomy":"product_brand","embeddable":true,"href":"https:\/\/angeldar.com\/en\/wp-json\/wp\/v2\/product_brand?post=33644"},{"taxonomy":"product_cat","embeddable":true,"href":"https:\/\/angeldar.com\/en\/wp-json\/wp\/v2\/product_cat?post=33644"},{"taxonomy":"product_tag","embeddable":true,"href":"https:\/\/angeldar.com\/en\/wp-json\/wp\/v2\/product_tag?post=33644"}],"curies":[{"name":"wp","href":"https:\/\/api.w.org\/{rel}","templated":true}]}}