{"id":33621,"date":"2017-06-24T11:30:56","date_gmt":"2017-06-24T09:30:56","guid":{"rendered":"https:\/\/angeldar.com\/shop\/unkategorisiert\/sensitivdeo-bio-lavender-bamboo-50-ml\/"},"modified":"2025-06-23T12:49:26","modified_gmt":"2025-06-23T10:49:26","slug":"pure-entspannung-sensitivdeo-primavera","status":"publish","type":"product","link":"https:\/\/angeldar.com\/en\/product\/pure-entspannung-sensitivdeo-primavera\/","title":{"rendered":"Pure Relaxation Sensitive Deodorant Primavera"},"content":{"rendered":"<h2>Pure Relaxation Sensitive Deodorant<\/h2>\n<p>Pure Relaxation Sensitive Deodorant Plant Power made from organic lavender and organic coconut protects against body odor for 24 hours. The alcohol-free, emulsifier-free sensitive deodorant without aluminium salts is particularly gentle on the skin, neutralizes odour-causing bacteria and leaves the skin feeling dry.<br \/>\n100% plant power.  Dermatologically tested Deo.0 Aluminium salts, 0 alum00 alcohol, 0 emulsifier<\/p>\n<p>Pure Relaxation Sensitive Deodorant<\/p>\n<p>Effective 24-hour protection tested by independent testing institute<\/p>\n<ul class=\"mylist\">\n<li><a href=\"https:\/\/angeldar.com\/product\/lavendel-kaschmir-aetherisches-oel-oshadhi\/\"><span style=\"color: #0000ff;\">Organic lavender<\/span> <\/a>and the natural active ingredient bisabolol soothe sensitive skin<\/li>\n<li>Bamboo fibres have anti-inflammatory effects and absorb moisture<\/li>\n<li>Traditionally used coconut oil neutralizes odour-forming bacteria<\/li>\n<li>Leaves a safe, dry skin feeling all day long<\/li>\n<\/ul>\n<p>&nbsp;<\/p>\n<ul class=\"mylist\">\n<li><em>Experience your sensually scented care ritual and the power of natural plant extract compositions every day. The Pure Relaxation sensitive deodorant offers fragrant 24-hour protection without aluminum salts and alcohol. It neutralizes odour-causing bacteria with a fragrance composition made from plant extracts of organic lavender, organic coconut, organic willow bark and organic bisabolol. In this way, the sesitive deodorant protects against unpleasant body odor without irritating the skin. Gently rolled onto cleansed, dry, non-irritated skin, the deodorant has a calming fragrance and ensures a pleasant balance. It is particularly beneficial for the skin directly after shaving. Enjoy the sensual fragrance and the experience of natural body care products with pure organic plant power.      <\/em><\/li>\n<li><strong>Application : <\/strong>Roll onto cleansed, dry skin.<\/li>\n<\/ul>\n<div class=\"wp-column is-full mb-2 p-0\"><strong>Ingredients<\/strong><br \/>\nWater, organic coconut oil*, organic sunflower oil*, citric acid triethyl ester, cellulose, glycerine, zinc PCA, 100% natural essential oils: essential oils. Lavender oil* organic, ethyl. Organic vanilla extract*, willow bark extract, carrageenan, bisabolol, xanthan gum, sodium anisate, sodium levulinate, coconut glucoside, lactic acid, natural vitamin E, bisabolene, linalool**, geraniol**, limonene**<br \/>\n<small>* bio = kontrolliert biologischer Anbau\/ certified organic cultivation<br \/>\n** nat\u00fcrliche Bestandteile 100% naturreiner \u00e4therischer \u00d6le\/ from 100% natural essential oils<\/small><\/div>\n<div>\n<div class=\"product attribute oneliner\">\n<div class=\"value\"><\/div>\n<\/div>\n<div class=\"product attribute description\">\n<div class=\"value expandable\">\n<div class=\"pdetails\">\n<p>&nbsp;<\/p>\n<\/div>\n<\/div>\n<\/div>\n<\/div>\n","protected":false},"excerpt":{"rendered":"<p>50ml<\/p>\n<p>Effective 24-hour protection tested by independent testing institute<\/p>\n<p>Provides fragrant 24-hour protection without aluminium salts and alcohol and ensures a sensually fragrant experience with its neutralizing fragrance composition.<\/p>\n<ul class=\"mylist\">\n<li>Organic lavender and the natural active ingredient bisabolol soothe sensitive skin<\/li>\n<li>Bamboo fibres have anti-inflammatory effects and absorb moisture<\/li>\n<li>Traditionally used coconut oil neutralizes odour-forming bacteria<\/li>\n<li>Leaves a safe, dry skin feeling all day long<\/li>\n<\/ul>\n<p>&nbsp;<\/p>\n","protected":false},"featured_media":41201,"comment_status":"open","ping_status":"closed","template":"","meta":{"iawp_total_views":0},"pwb-brand":[1647],"product_brand":[],"product_cat":[1103,1125],"product_tag":[],"class_list":{"0":"post-33621","1":"product","2":"type-product","3":"status-publish","4":"has-post-thumbnail","6":"pwb-brand-primavera-en","7":"product_cat-personal-hygiene","8":"product_cat-cosmetics","10":"first","11":"instock","12":"taxable","13":"shipping-taxable","14":"purchasable","15":"product-type-simple"},"brands":[{"id":1647,"name":"Primavera life","slug":"primavera-en"}],"_links":{"self":[{"href":"https:\/\/angeldar.com\/en\/wp-json\/wp\/v2\/product\/33621","targetHints":{"allow":["GET"]}}],"collection":[{"href":"https:\/\/angeldar.com\/en\/wp-json\/wp\/v2\/product"}],"about":[{"href":"https:\/\/angeldar.com\/en\/wp-json\/wp\/v2\/types\/product"}],"replies":[{"embeddable":true,"href":"https:\/\/angeldar.com\/en\/wp-json\/wp\/v2\/comments?post=33621"}],"wp:featuredmedia":[{"embeddable":true,"href":"https:\/\/angeldar.com\/en\/wp-json\/wp\/v2\/media\/41201"}],"wp:attachment":[{"href":"https:\/\/angeldar.com\/en\/wp-json\/wp\/v2\/media?parent=33621"}],"wp:term":[{"taxonomy":"pwb-brand","embeddable":true,"href":"https:\/\/angeldar.com\/en\/wp-json\/wp\/v2\/pwb-brand?post=33621"},{"taxonomy":"product_brand","embeddable":true,"href":"https:\/\/angeldar.com\/en\/wp-json\/wp\/v2\/product_brand?post=33621"},{"taxonomy":"product_cat","embeddable":true,"href":"https:\/\/angeldar.com\/en\/wp-json\/wp\/v2\/product_cat?post=33621"},{"taxonomy":"product_tag","embeddable":true,"href":"https:\/\/angeldar.com\/en\/wp-json\/wp\/v2\/product_tag?post=33621"}],"curies":[{"name":"wp","href":"https:\/\/api.w.org\/{rel}","templated":true}]}}