{"id":33619,"date":"2017-06-24T12:09:58","date_gmt":"2017-06-24T10:09:58","guid":{"rendered":"https:\/\/angeldar.com\/shop\/unkategorisiert\/hand-cream-organic-lavender-bio-vanilla-50ml\/"},"modified":"2025-06-02T17:29:12","modified_gmt":"2025-06-02T15:29:12","slug":"pure-entspannung-handcreme-primavera","status":"publish","type":"product","link":"https:\/\/angeldar.com\/en\/product\/pure-entspannung-handcreme-primavera\/","title":{"rendered":"Pure Relaxation Hand Cream Primavera"},"content":{"rendered":"<h2>Pure relaxation hand cream<\/h2>\n<p>The rich Pure Relaxation Hand Cream regenerates rough, dry and stressed hands. It absorbs quickly, does not grease and provides a velvety soft skin feeling. Valuable native vegetable oils from organic avocado and organic kukuinuss protect the skin under heavy stress and protect it from drying out for a long time. The natural essential oils of lavender and vanilla soothe the skin and give a protective shell.<\/p>\n<p><span style=\"font-size: 14pt;\">The Regenerating Pure Relaxation Hand Cream is also suitable for a soothing hand massage. To make it \u201cflow\u201d better, add a few drops of Pure Relaxation body oil to the hand cream in the palm of your hand and mix.  Then massage the hand cream with slow, circular movements, especially massage the palms. Finally, cut out the individual fingers towards the tip of the finger.<\/span><\/p>\n<p><em>Discover worlds of well-being and immerse yourself in sensual fragrance. Experience body care straight from nature that touches your senses and has a long-lasting effect. The nourishing formula of Pure Relaxation hand cream cares for your hands with pure natural plant power from organic Inca Inchi oil, organic Himalayan rose cherry oil and organic cupuacu butter. It is rich in unsaturated fatty acids, moisturizes and strengthens the skin barrier. Gently massaged into the hands, it leaves the skin intact and intensively nourished with its natural omega 3 and omega 9 fatty acids. Experience a soothing skin sensation and immerse yourself in the relaxing scent of velvety vanilla and calming lavender.     <\/em><\/p>\n<p><span style=\"font-size: 14pt;\"><a href=\"https:\/\/angeldar.com\/%D0%A2%D0%BE%D0%B2%D0%B0%D1%80\/aromatherapie\/aetherische-oele\/lavende-bio-wildsammlung-aus-den-pyrenaeen-von-farfalla\/\">Organic lavender<\/a>l soothes skin and senses and provides inner peace.<\/span><\/p>\n<p><span style=\"font-size: 14pt;\">Vanilla oil organic spoils and gives security.<\/span><\/p>\n<p><span style=\"font-size: 14pt;\"><a href=\"https:\/\/angeldar.com\/shop\/aromatherapie\/traegeroele\/avokadooel-bio-basisoel-von-primavera\/\">Organic avocado<\/a>oil is very rich and skin care for dry skin<\/span><\/p>\n<h3>Due to its composition, organic Himalayan rose cherry oil (prinsepia utilis seed oil) has a particularly soothing effect on the skin and gives it new radiance and vitality.<\/h3>\n<h4 id=\"diy-block\">Organic Inca Inchi oil nourishes the skin with important fatty acids such as Omega-3, regulates its natural moisture balance and strengthens its protective barrier.<\/h4>\n<h4 id=\"diy-block\">Organic cupua\u00e7u butter makes the skin soft and supple.<\/h4>\n<p><em>The nourishing formula of Pure Relaxation hand cream nourishes the hands with pure natural plant power, strengthens the skin barrier and leaves the skin feeling pleasantly relaxed.<\/em><\/p>\n<div class=\"wp-column is-full mb-2 p-0\"><strong>Inci<\/strong><br \/>\nWater (Aqua), Macadamia Integrifolia\/Tetraphylla Seed Oil* org, Pentylene Glycol, Simmondsia Chinensis (Jojoba) Seed Oil* org, Glycerin, Cocos Nucifera (Coconut) Oil* org, Glyceryl Stearate Citrate, Theobroma Grandiflorum Seed Butter* org, Aleurites Moluccanus Seed Oil, Cetearyl Alcohol, Persea Gratissima (Avocado) Oil* org, Prinsepia Utilis Seed Oil* org, Fragrance (Parfum)**, Lavandula Angustifolia (Lavender) Oil* org, Vanilla Planifolia Fruit Extract* org, Plukenetia Volubilis Seed Oil* org, Butyrospermum Parkii (Shea) Butter* org, Helianthus Annuus (Sunflower) Seed Oil* org, Aloe Barbadensis Leaf Juice Powder* org, Magnolia Officinalis Bark Extract, Tamarindus Indica Seed Polysaccharide, Acacia Senegal Gum, Xanthan Gum, Tocopherol, Sodium Hyaluronate, Lactic Acid, Sodium Anisate, Sodium Levulinate, Sodium Stearoyl Glutamate, Linalool**, Citronellol**, Geraniol**, Benzyl Benzoate**, Limonene**, Eugenol**, Citral**<br \/>\n<small>* bio \/ org = kontrolliert biologischer Anbau \/ certified organic cultivation<br \/>\n** nat\u00fcrliche Bestandteile 100% naturreiner \u00e4therischer \u00d6le\/ from 100% pure and natural<\/small><\/div>\n<div><\/div>\n<div>\n<div class=\"product attribute oneliner\">\n<div class=\"value\"><\/div>\n<\/div>\n<div class=\"product attribute description\">\n<div class=\"value expandable\">\n<div class=\"pdetails\">\n<p>&nbsp;<\/p>\n<\/div>\n<\/div>\n<\/div>\n<\/div>\n","protected":false},"excerpt":{"rendered":"<p>50 ml<\/p>\n<p><strong>The rich regenerating hand cream for heavily stressed hands, <\/strong><\/p>\n<p><strong>protects and regenerates<\/strong><strong>. <\/strong><\/p>\n<p><img decoding=\"async\" class=\"alignleft wp-image-29392\" src=\"https:\/\/angeldar.com\/wp-content\/uploads\/2017\/12\/Natrue_Logo-e1516531380849.jpg\" alt=\"\" width=\"91\" height=\"91\" srcset=\"https:\/\/angeldar.com\/wp-content\/uploads\/2017\/12\/Natrue_Logo-e1516531380849.jpg 150w, https:\/\/angeldar.com\/wp-content\/uploads\/2017\/12\/Natrue_Logo-e1516531380849-100x100.jpg 100w, https:\/\/angeldar.com\/wp-content\/uploads\/2017\/12\/Natrue_Logo-e1516531380849-50x50.jpg 50w\" sizes=\"(max-width: 91px) 100vw, 91px\" \/><\/p>\n","protected":false},"featured_media":41183,"comment_status":"open","ping_status":"closed","template":"","meta":{"iawp_total_views":9},"pwb-brand":[1647],"product_brand":[],"product_cat":[1103,1125],"product_tag":[],"class_list":{"0":"post-33619","1":"product","2":"type-product","3":"status-publish","4":"has-post-thumbnail","6":"pwb-brand-primavera-en","7":"product_cat-personal-hygiene","8":"product_cat-cosmetics","10":"first","11":"instock","12":"taxable","13":"shipping-taxable","14":"purchasable","15":"product-type-simple"},"brands":[{"id":1647,"name":"Primavera life","slug":"primavera-en"}],"_links":{"self":[{"href":"https:\/\/angeldar.com\/en\/wp-json\/wp\/v2\/product\/33619","targetHints":{"allow":["GET"]}}],"collection":[{"href":"https:\/\/angeldar.com\/en\/wp-json\/wp\/v2\/product"}],"about":[{"href":"https:\/\/angeldar.com\/en\/wp-json\/wp\/v2\/types\/product"}],"replies":[{"embeddable":true,"href":"https:\/\/angeldar.com\/en\/wp-json\/wp\/v2\/comments?post=33619"}],"wp:featuredmedia":[{"embeddable":true,"href":"https:\/\/angeldar.com\/en\/wp-json\/wp\/v2\/media\/41183"}],"wp:attachment":[{"href":"https:\/\/angeldar.com\/en\/wp-json\/wp\/v2\/media?parent=33619"}],"wp:term":[{"taxonomy":"pwb-brand","embeddable":true,"href":"https:\/\/angeldar.com\/en\/wp-json\/wp\/v2\/pwb-brand?post=33619"},{"taxonomy":"product_brand","embeddable":true,"href":"https:\/\/angeldar.com\/en\/wp-json\/wp\/v2\/product_brand?post=33619"},{"taxonomy":"product_cat","embeddable":true,"href":"https:\/\/angeldar.com\/en\/wp-json\/wp\/v2\/product_cat?post=33619"},{"taxonomy":"product_tag","embeddable":true,"href":"https:\/\/angeldar.com\/en\/wp-json\/wp\/v2\/product_tag?post=33619"}],"curies":[{"name":"wp","href":"https:\/\/api.w.org\/{rel}","templated":true}]}}