{"id":33613,"date":"2017-06-24T15:23:08","date_gmt":"2017-06-24T13:23:08","guid":{"rendered":"https:\/\/angeldar.com\/shop\/unkategorisiert\/woven-coerperlotion-bio-rose-osmanthus\/"},"modified":"2025-07-29T11:52:09","modified_gmt":"2025-07-29T09:52:09","slug":"alles-liebe-koerperbutter-primavera","status":"publish","type":"product","link":"https:\/\/angeldar.com\/en\/product\/alles-liebe-koerperbutter-primavera\/","title":{"rendered":"All love body butter Primavera"},"content":{"rendered":"<h2 class=\"page-title\"><span class=\"base\" data-ui-id=\"page-title-wrapper\">All love body butter<\/span><\/h2>\n<p><em><strong>The sensual floral scent of organic rose and organic mandarin provides harmonizing moments of well-being. The rich Pampering All Love body butter regenerates the skin and provides intensive moisture with valuable, cold-pressed organic cocoa butter and organic cupuacu butter.  Particularly soothing for dry, regenerating skin.<\/strong><\/em><\/p>\n<div class=\"product attribute oneliner\">\n<div class=\"value\"><em>Intensively nourishes the skin, pampers with its sensual, harmonious fragrance of organic rose and organic mandarin, and leaves the skin feeling velvety soft.<\/em><\/div>\n<\/div>\n<div class=\"product attribute description\">\n<div class=\"value expandable\">\n<div class=\"pdetails\">\n<p><em>Let yourself be seduced by pure sensuality. Experience a unique body care ritual with the pampering Alles Liebe body butter made from organic cocoa butter, organic cupuacu butter and organic orange blossom water. Gently applied to the body after showering or bathing and gently massaged in, it nourishes the skin with pure natural plant power and leaves your skin feeling velvety soft. Breathe in the sensual, harmonizing scent of organic rose and organic mandarin, which gently envelops you and gives you pure joy and lightness. Alles Liebe body butter nourishes the skin until it is soft to the touch and creates a fragrant sense of well-being for body and soul.    <\/em><\/p>\n<h2 class=\"green-stone-hl\">Sensuality and harmony<\/h2>\n<p>The Alles Liebe line pampers us with pure natural plant extracts, selected plant waters and high-quality plant oils and gives us unique moments of well-being. Organic rose and organic mandarin envelop the skin and senses, providing gentle, soothing care and pure harmony for body and mind. For sensual and harmonious fragrance experiences.  <\/p>\n<div class=\"wp-column is-flex is-align-items-top\">\n<div class=\"wp-content\">\n<h3>Organic mandarin<\/h3>\n<p>Mandarin essential oil has a relaxing and mood-enhancing effect. We source the mandarin oil from our organic cultivation partners in Italy and Brazil. The fragrance also has a relaxing effect on everyday stress and can promote concentration.  <\/p>\n<p>Tip<\/p>\n<\/div>\n<\/div>\n<div class=\"wp-column is-flex is-align-items-top\">\n<div class=\"wp-content\">\n<p>The combination of Alles Liebe body butter and the harmonizing, delicately scented <a href=\"https:\/\/www.primaveralife.com\/rosenbluetenwasser-bio.html\" rel=\"noopener\">organic rose blossom water<\/a> &#8211; sprayed on before applying the body butter &#8211; results in long-lasting and intensive care for the skin. A loving moment of fragrance &#8211; just for you. <\/p>\n<div class=\"wp-column is-one-fifth-desktop is-one-third-tablet\">\n<div class=\"wp-content diy-block autoheight p-3\">\n<h5 id=\"diy-block\">Organic cocoa butter<\/h5>\n<p>increases the skin&#8217;s moisturizing capacity and supports its regeneration.<\/p>\n<div class=\"wp-column is-one-fifth-desktop is-one-third-tablet\">\n<div class=\"wp-content diy-block autoheight p-3\">\n<h5 id=\"diy-block\">Organic cupua\u00e7u butter<\/h5>\n<p>makes the skin soft and supple.<\/p>\n<\/div>\n<\/div>\n<div class=\"wp-column is-one-fifth-desktop is-one-third-tablet\">\n<div class=\"wp-content diy-block autoheight p-3\">\n<figure class=\"wp-image mx-auto mb-4 mt-0\"><\/figure>\n<h5 id=\"diy-block\">Organic orange blossom water<\/h5>\n<p>has a delicate floral fragrance and soothes the skin and senses. It also refines the complexion and is soothing for reddened skin. <\/p>\n<\/div>\n<\/div>\n<div class=\"wp-column is-one-fifth-desktop is-one-third-tablet\">\n<div class=\"wp-content diy-block autoheight p-3\">\n<figure class=\"wp-image mx-auto mb-4 mt-0\"><\/figure>\n<h5 id=\"diy-block\"><span style=\"color: #ff0000;\"><a style=\"color: #ff0000;\" href=\"https:\/\/angeldar.com\/product\/rose-persien-aetherisches-oel-bio-farfalla\/\">Organic rose oil<\/a><\/span><\/h5>\n<p>is particularly skin caring and promotes the regeneration of the skin. The rose aroma provides inner harmony.<\/p>\n<\/div>\n<\/div>\n<div class=\"wp-column is-one-fifth-desktop is-one-third-tablet\">\n<div class=\"wp-content diy-block autoheight p-3\">\n<figure class=\"wp-image mx-auto mb-4 mt-0\"><\/figure>\n<h5 id=\"diy-block\">Organic mandarin oil<\/h5>\n<p>has a mood-lifting and refreshing fragrance.<\/p>\n<\/div>\n<\/div>\n<\/div>\n<\/div>\n<\/div>\n<\/div>\n<\/div>\n<\/div>\n<\/div>\n<p>Inci<br \/>\nWater (Aqua), Cocos Nucifera (Coconut) Oil* org, Theobroma Cacao (Cocoa) Seed Butter* org, Citrus Aurantium Amara (Bitter Orange) Flower Water, Glyceryl Stearate Citrate, C15-C19 Alkanes, Pentylene Glycol, Cetearyl Alcohol, Theobroma Grandiflorum Seed Butter* org, Helianthus Annuus (Sunflower) Seed Wax, Glycerin, Glyceryl Behenate, Simmondsia Chinensis (Jojoba) Seed Oil* org, Butyrospermum Parkii (Shea) Butter* org, Jojoba Esters, Betaine, Oryza Sativa (Rice) Hull Powder, Fragrance (Parfum)**, Rosa Damascena Flower Oil* org, Citrus Nobilis (Mandarin Orange) Peel Oil* org, Magnolia Officinalis Bark Extract, Rosmarinus Officinalis (Rosemary) Leaf Extract, Camellia Sinensis Leaf Extract* org, Chamomilla Recutita (Matricaria) Flower Extract* org, Lithospermum Erythrorhizon Root Extract, Cannabis Sativa Seed Oil* org, Hydrogenated Castor Oil, Helianthus Annuus (Sunflower) Seed Oil* org, Acacia Decurrens Flower Wax, Glyceryl Stearate SE, Carrageenan, Xanthan Gum, Sodium Anisate, Sodium Levulinate, Tocopherol, Polyglycerin-3, Lactic Acid, Lecithin, Limonene**, Linalool**, Citronellol**, Geraniol**, Citral**, Benzyl Benzoate**<br \/>\n<small>* bio\/org = kontrolliert biologischer Anbau\/ certified organic cultivation<br \/>\n** nat\u00fcrliche Bestandteile 100% naturreiner \u00e4therischer \u00d6le\/ from 100% natural essential oils<\/small><\/p>\n<h1 class=\"page-title\"><\/h1>\n<div class=\"product attribute oneliner\"><\/div>\n<div class=\"product attribute description\">\n<div class=\"value expandable\">\n<div class=\"pdetails\">\n<div class=\"wp-column is-flex is-align-items-top\">\n<div class=\"wp-content\">\n<p>&nbsp;<\/p>\n<\/div>\n<\/div>\n<div class=\"wp-column is-flex is-align-items-top\">\n<div class=\"wp-content\">\n<div class=\"wp-column is-one-fifth-desktop is-one-third-tablet\">\n<div class=\"wp-content diy-block autoheight p-3\">\n<h5 id=\"diy-block\"><\/h5>\n<\/div>\n<\/div>\n<\/div>\n<\/div>\n<\/div>\n<\/div>\n<\/div>\n","protected":false},"excerpt":{"rendered":"<p>150 ml<\/p>\n<p><strong><em>The rich Pampering All Love body butter regenerates the skin and provides intensive moisture with valuable, cold-pressed organic cocoa butter and organic cupuacu butter. Particularly soothing for dry, regenerating skin.<\/em><\/strong><\/p>\n<p><img decoding=\"async\" class=\"alignleft wp-image-29392\" src=\"https:\/\/angeldar.com\/wp-content\/uploads\/2017\/12\/Natrue_Logo-e1516531380849.jpg\" alt=\"\" width=\"91\" height=\"91\" srcset=\"https:\/\/angeldar.com\/wp-content\/uploads\/2017\/12\/Natrue_Logo-e1516531380849.jpg 150w, https:\/\/angeldar.com\/wp-content\/uploads\/2017\/12\/Natrue_Logo-e1516531380849-100x100.jpg 100w, https:\/\/angeldar.com\/wp-content\/uploads\/2017\/12\/Natrue_Logo-e1516531380849-50x50.jpg 50w\" sizes=\"(max-width: 91px) 100vw, 91px\" \/><\/p>\n","protected":false},"featured_media":41236,"comment_status":"open","ping_status":"closed","template":"","meta":{"iawp_total_views":1},"pwb-brand":[1647],"product_brand":[],"product_cat":[1103,1125],"product_tag":[],"class_list":{"0":"post-33613","1":"product","2":"type-product","3":"status-publish","4":"has-post-thumbnail","6":"pwb-brand-primavera-en","7":"product_cat-personal-hygiene","8":"product_cat-cosmetics","10":"first","11":"instock","12":"taxable","13":"shipping-taxable","14":"purchasable","15":"product-type-simple"},"brands":[{"id":1647,"name":"Primavera life","slug":"primavera-en"}],"_links":{"self":[{"href":"https:\/\/angeldar.com\/en\/wp-json\/wp\/v2\/product\/33613","targetHints":{"allow":["GET"]}}],"collection":[{"href":"https:\/\/angeldar.com\/en\/wp-json\/wp\/v2\/product"}],"about":[{"href":"https:\/\/angeldar.com\/en\/wp-json\/wp\/v2\/types\/product"}],"replies":[{"embeddable":true,"href":"https:\/\/angeldar.com\/en\/wp-json\/wp\/v2\/comments?post=33613"}],"wp:featuredmedia":[{"embeddable":true,"href":"https:\/\/angeldar.com\/en\/wp-json\/wp\/v2\/media\/41236"}],"wp:attachment":[{"href":"https:\/\/angeldar.com\/en\/wp-json\/wp\/v2\/media?parent=33613"}],"wp:term":[{"taxonomy":"pwb-brand","embeddable":true,"href":"https:\/\/angeldar.com\/en\/wp-json\/wp\/v2\/pwb-brand?post=33613"},{"taxonomy":"product_brand","embeddable":true,"href":"https:\/\/angeldar.com\/en\/wp-json\/wp\/v2\/product_brand?post=33613"},{"taxonomy":"product_cat","embeddable":true,"href":"https:\/\/angeldar.com\/en\/wp-json\/wp\/v2\/product_cat?post=33613"},{"taxonomy":"product_tag","embeddable":true,"href":"https:\/\/angeldar.com\/en\/wp-json\/wp\/v2\/product_tag?post=33613"}],"curies":[{"name":"wp","href":"https:\/\/api.w.org\/{rel}","templated":true}]}}